{"id":12,"date":"2022-08-29T19:03:05","date_gmt":"2022-08-29T17:03:05","guid":{"rendered":"http:\/\/ccs.aleauva.free.fr\/?page_id=12"},"modified":"2025-10-31T13:36:44","modified_gmt":"2025-10-31T13:36:44","slug":"le-comite","status":"publish","type":"page","link":"https:\/\/ccsaleauva.fr\/?page_id=12","title":{"rendered":"Le comit\u00e9"},"content":{"rendered":"<p><span style=\"font-size: 8pt;\">.<\/span><\/p>\n<p style=\"text-align: justify;\"><span style=\"font-size: 14pt;\">Le club Canin \u00ab\u00a0A l&rsquo;eau&rsquo;va\u00a0\u00bb, est une association de <strong><span style=\"text-decoration: underline;\">b\u00e9n\u00e9voles<\/span><\/strong> r\u00e9gie selon la loi 1901. Il fonctionne selon des statuts et un r\u00e9glement int\u00e9rieur.<\/span><\/p>\n<p style=\"text-align: justify;\"><span style=\"font-size: 14pt;\">Un comit\u00e9 Directeur assure la gestion, donne les orientations. Des moniteurs dipl\u00f4m\u00e9s assurent la formation canine des membres;<\/span><\/p>\n<table style=\"border-collapse: collapse; width: 100%; height: 1519px;\">\n<tbody>\n<tr style=\"height: 430px;\">\n<td style=\"width: 35.119%; height: 430px;\"><\/td>\n<td style=\"width: 1.19048%; height: 430px;\"><\/td>\n<td style=\"width: 30.7143%; height: 430px;\">\n<p style=\"text-align: center;\"><img decoding=\"async\" loading=\"lazy\" class=\"alignnone wp-image-490 size-medium\" src=\"http:\/\/ccsaleauva.fr\/wp-content\/uploads\/2023\/08\/^Sylvie-avec-Even-et-Moya-e1693231161726-225x300.jpg\" alt=\"\" width=\"225\" height=\"300\" srcset=\"https:\/\/ccsaleauva.fr\/wp-content\/uploads\/2023\/08\/^Sylvie-avec-Even-et-Moya-e1693231161726-225x300.jpg 225w, https:\/\/ccsaleauva.fr\/wp-content\/uploads\/2023\/08\/^Sylvie-avec-Even-et-Moya-e1693231161726.jpg 500w\" sizes=\"(max-width: 225px) 100vw, 225px\" \/><\/p>\n<p style=\"text-align: center;\"><span style=\"font-size: 14pt;\">Sylvie GIRCOURT<\/span><br \/>\n<span style=\"font-size: 14pt;\">pr\u00e9sidente<\/span><\/p>\n<\/td>\n<td style=\"width: 1.19048%; height: 430px;\"><\/td>\n<td style=\"width: 31.9047%; height: 430px;\"><\/td>\n<\/tr>\n<tr style=\"height: 23px;\">\n<td style=\"width: 35.119%; height: 23px;\"><\/td>\n<td style=\"width: 1.19048%; height: 23px;\"><\/td>\n<td style=\"width: 30.7143%; height: 23px;\"><\/td>\n<td style=\"width: 1.19048%; height: 23px;\"><\/td>\n<td style=\"width: 31.9047%; height: 23px;\"><\/td>\n<\/tr>\n<tr style=\"height: 481px;\">\n<td style=\"width: 35.119%; height: 481px;\"><\/td>\n<td style=\"width: 1.19048%; height: 481px;\"><\/td>\n<td style=\"width: 30.7143%; height: 481px;\">\n<p style=\"text-align: center;\"><img decoding=\"async\" loading=\"lazy\" class=\"alignnone size-medium wp-image-477\" src=\"http:\/\/ccsaleauva.fr\/wp-content\/uploads\/2023\/01\/DSC_0004-BIS-OK-285x300.jpg\" alt=\"\" width=\"285\" height=\"300\" srcset=\"https:\/\/ccsaleauva.fr\/wp-content\/uploads\/2023\/01\/DSC_0004-BIS-OK-285x300.jpg 285w, https:\/\/ccsaleauva.fr\/wp-content\/uploads\/2023\/01\/DSC_0004-BIS-OK-972x1024.jpg 972w, https:\/\/ccsaleauva.fr\/wp-content\/uploads\/2023\/01\/DSC_0004-BIS-OK-768x809.jpg 768w, https:\/\/ccsaleauva.fr\/wp-content\/uploads\/2023\/01\/DSC_0004-BIS-OK-1458x1536.jpg 1458w, https:\/\/ccsaleauva.fr\/wp-content\/uploads\/2023\/01\/DSC_0004-BIS-OK-1944x2048.jpg 1944w\" sizes=\"(max-width: 285px) 100vw, 285px\" \/><\/p>\n<p style=\"text-align: center;\"><span style=\"font-size: 14pt;\">S\u00e9verine RICHY<\/span><br \/>\n<span style=\"font-size: 14pt;\">vice-pr\u00e9sidente<\/span><\/p>\n<p style=\"text-align: center;\">Responsable de la section RU<br \/>\n(recherche Utilitaire)<\/p>\n<\/td>\n<td style=\"width: 1.19048%; height: 481px;\"><\/td>\n<td style=\"width: 31.9047%; height: 481px;\"><\/td>\n<\/tr>\n<tr style=\"height: 185px;\">\n<td style=\"width: 35.119%; height: 185px;\"><img decoding=\"async\" loading=\"lazy\" class=\"size-medium wp-image-838 aligncenter\" src=\"http:\/\/ccsaleauva.fr\/wp-content\/uploads\/2025\/10\/Delphine-300x223.jpg\" alt=\"\" width=\"300\" height=\"223\" srcset=\"https:\/\/ccsaleauva.fr\/wp-content\/uploads\/2025\/10\/Delphine-300x223.jpg 300w, https:\/\/ccsaleauva.fr\/wp-content\/uploads\/2025\/10\/Delphine-1024x762.jpg 1024w, https:\/\/ccsaleauva.fr\/wp-content\/uploads\/2025\/10\/Delphine-768x572.jpg 768w, https:\/\/ccsaleauva.fr\/wp-content\/uploads\/2025\/10\/Delphine-1536x1143.jpg 1536w, https:\/\/ccsaleauva.fr\/wp-content\/uploads\/2025\/10\/Delphine-120x90.jpg 120w, https:\/\/ccsaleauva.fr\/wp-content\/uploads\/2025\/10\/Delphine.jpg 1639w\" sizes=\"(max-width: 300px) 100vw, 300px\" \/><\/td>\n<td style=\"width: 1.19048%; height: 185px;\"><\/td>\n<td style=\"width: 30.7143%; height: 185px;\"><\/td>\n<td style=\"width: 1.19048%; height: 185px;\"><\/td>\n<td style=\"width: 31.9047%; height: 185px;\"><img decoding=\"async\" loading=\"lazy\" class=\"alignnone size-medium wp-image-880\" src=\"http:\/\/ccsaleauva.fr\/wp-content\/uploads\/2025\/10\/Jeff-300x240.jpg\" alt=\"\" width=\"300\" height=\"240\" srcset=\"https:\/\/ccsaleauva.fr\/wp-content\/uploads\/2025\/10\/Jeff-300x240.jpg 300w, https:\/\/ccsaleauva.fr\/wp-content\/uploads\/2025\/10\/Jeff.jpg 738w\" sizes=\"(max-width: 300px) 100vw, 300px\" \/><\/td>\n<\/tr>\n<tr style=\"height: 48px;\">\n<td style=\"width: 35.119%; text-align: center; height: 48px;\"><span style=\"font-size: 14pt;\">Delphine RICHY<\/span><br \/>\n<span style=\"font-size: 14pt;\"> Tr\u00e9sori\u00e8re<\/span><\/td>\n<td style=\"width: 1.19048%; height: 48px;\"><\/td>\n<td style=\"width: 30.7143%; height: 48px;\"><\/td>\n<td style=\"width: 1.19048%; height: 48px;\"><\/td>\n<td style=\"width: 31.9047%; text-align: center; height: 48px;\"><span style=\"font-size: 14pt;\">Jean-Fran\u00e7ois CHAUVEL<\/span><br \/>\n<span style=\"font-size: 14pt;\"> Secr\u00e9taire<\/span><\/td>\n<\/tr>\n<tr style=\"height: 304px;\">\n<td style=\"width: 35.119%; text-align: center; height: 304px;\"><img decoding=\"async\" loading=\"lazy\" class=\"alignnone  wp-image-839\" src=\"http:\/\/ccsaleauva.fr\/wp-content\/uploads\/2025\/10\/Sabine-233x300.jpg\" alt=\"\" width=\"219\" height=\"282\" srcset=\"https:\/\/ccsaleauva.fr\/wp-content\/uploads\/2025\/10\/Sabine-233x300.jpg 233w, https:\/\/ccsaleauva.fr\/wp-content\/uploads\/2025\/10\/Sabine-795x1024.jpg 795w, https:\/\/ccsaleauva.fr\/wp-content\/uploads\/2025\/10\/Sabine-768x989.jpg 768w, https:\/\/ccsaleauva.fr\/wp-content\/uploads\/2025\/10\/Sabine.jpg 962w\" sizes=\"(max-width: 219px) 100vw, 219px\" \/><\/td>\n<td style=\"width: 1.19048%; height: 304px;\"><\/td>\n<td style=\"width: 30.7143%; height: 304px;\"><\/td>\n<td style=\"width: 1.19048%; height: 304px;\"><\/td>\n<td style=\"width: 31.9047%; text-align: center; height: 304px;\"><img decoding=\"async\" loading=\"lazy\" class=\"alignnone size-medium wp-image-842\" src=\"http:\/\/ccsaleauva.fr\/wp-content\/uploads\/2025\/10\/Frederic-270x300.jpg\" alt=\"\" width=\"270\" height=\"300\" srcset=\"https:\/\/ccsaleauva.fr\/wp-content\/uploads\/2025\/10\/Frederic-270x300.jpg 270w, https:\/\/ccsaleauva.fr\/wp-content\/uploads\/2025\/10\/Frederic-921x1024.jpg 921w, https:\/\/ccsaleauva.fr\/wp-content\/uploads\/2025\/10\/Frederic-768x854.jpg 768w, https:\/\/ccsaleauva.fr\/wp-content\/uploads\/2025\/10\/Frederic.jpg 984w\" sizes=\"(max-width: 270px) 100vw, 270px\" \/><\/td>\n<\/tr>\n<tr style=\"height: 48px;\">\n<td style=\"width: 35.119%; text-align: center; height: 48px;\"><span style=\"font-size: 14pt;\">Sabine CHAUVEL<br \/>\nautre membre du comit\u00e9<\/span><\/td>\n<td style=\"width: 1.19048%; height: 48px;\"><\/td>\n<td style=\"width: 30.7143%; height: 48px;\"><\/td>\n<td style=\"width: 1.19048%; height: 48px;\"><\/td>\n<td style=\"width: 31.9047%; text-align: center; height: 48px;\"><span style=\"font-size: 14pt;\">Fr\u00e9d\u00e9ric BALGROS<br \/>\nConseiller Technique<\/span><\/td>\n<\/tr>\n<\/tbody>\n<\/table>\n","protected":false},"excerpt":{"rendered":"<p>. Le club Canin \u00ab\u00a0A l&rsquo;eau&rsquo;va\u00a0\u00bb, est une association de b\u00e9n\u00e9voles r\u00e9gie selon la loi 1901. Il fonctionne selon des statuts et un r\u00e9glement int\u00e9rieur. Un comit\u00e9 Directeur assure la gestion, donne les orientations. Des moniteurs dipl\u00f4m\u00e9s assurent la formation canine des membres; Sylvie GIRCOURT pr\u00e9sidente S\u00e9verine RICHY vice-pr\u00e9sidente Responsable de la section RU (recherche&hellip;<\/p>\n","protected":false},"author":1,"featured_media":0,"parent":10,"menu_order":0,"comment_status":"closed","ping_status":"closed","template":"","meta":[],"_links":{"self":[{"href":"https:\/\/ccsaleauva.fr\/index.php?rest_route=\/wp\/v2\/pages\/12"}],"collection":[{"href":"https:\/\/ccsaleauva.fr\/index.php?rest_route=\/wp\/v2\/pages"}],"about":[{"href":"https:\/\/ccsaleauva.fr\/index.php?rest_route=\/wp\/v2\/types\/page"}],"author":[{"embeddable":true,"href":"https:\/\/ccsaleauva.fr\/index.php?rest_route=\/wp\/v2\/users\/1"}],"replies":[{"embeddable":true,"href":"https:\/\/ccsaleauva.fr\/index.php?rest_route=%2Fwp%2Fv2%2Fcomments&post=12"}],"version-history":[{"count":15,"href":"https:\/\/ccsaleauva.fr\/index.php?rest_route=\/wp\/v2\/pages\/12\/revisions"}],"predecessor-version":[{"id":881,"href":"https:\/\/ccsaleauva.fr\/index.php?rest_route=\/wp\/v2\/pages\/12\/revisions\/881"}],"up":[{"embeddable":true,"href":"https:\/\/ccsaleauva.fr\/index.php?rest_route=\/wp\/v2\/pages\/10"}],"wp:attachment":[{"href":"https:\/\/ccsaleauva.fr\/index.php?rest_route=%2Fwp%2Fv2%2Fmedia&parent=12"}],"curies":[{"name":"wp","href":"https:\/\/api.w.org\/{rel}","templated":true}]}}