{"id":245,"date":"2022-09-06T15:36:15","date_gmt":"2022-09-06T13:36:15","guid":{"rendered":"http:\/\/ccs.aleauva.free.fr\/?page_id=245"},"modified":"2025-07-05T14:35:56","modified_gmt":"2025-07-05T14:35:56","slug":"informations-pratiques","status":"publish","type":"page","link":"https:\/\/ccsaleauva.fr\/?page_id=245","title":{"rendered":"Informations"},"content":{"rendered":"<p>.<\/p>\n<p style=\"text-align: center;\"><span style=\"font-size: 14pt;\">Cliquez sur la page souhait\u00e9e<\/span><\/p>\n<p><span style=\"font-size: 8pt;\">.<\/span><\/p>\n<p><a href=\"https:\/\/ccsaleauva.fr\/?page_id=76\" target=\"_blank\" rel=\"noopener\"><span style=\"font-size: 14pt;\">Conditions d&rsquo;inscription<\/span><\/a><\/p>\n<p><span style=\"font-size: 14pt;\"><a href=\"https:\/\/ccsaleauva.fr\/?page_id=79\" target=\"_blank\" rel=\"noopener\">T\u00e9l\u00e9chargement\u00a0<\/a><\/span><\/p>\n<p><span style=\"font-size: 14pt;\"><a href=\"https:\/\/ccsaleauva.fr\/?page_id=82\" target=\"_blank\" rel=\"noopener\">Adh\u00e9rents<\/a><\/span><\/p>\n","protected":false},"excerpt":{"rendered":"<p>. Cliquez sur la page souhait\u00e9e . Conditions d&rsquo;inscription T\u00e9l\u00e9chargement\u00a0 Adh\u00e9rents<\/p>\n","protected":false},"author":1,"featured_media":0,"parent":0,"menu_order":0,"comment_status":"closed","ping_status":"closed","template":"","meta":[],"_links":{"self":[{"href":"https:\/\/ccsaleauva.fr\/index.php?rest_route=\/wp\/v2\/pages\/245"}],"collection":[{"href":"https:\/\/ccsaleauva.fr\/index.php?rest_route=\/wp\/v2\/pages"}],"about":[{"href":"https:\/\/ccsaleauva.fr\/index.php?rest_route=\/wp\/v2\/types\/page"}],"author":[{"embeddable":true,"href":"https:\/\/ccsaleauva.fr\/index.php?rest_route=\/wp\/v2\/users\/1"}],"replies":[{"embeddable":true,"href":"https:\/\/ccsaleauva.fr\/index.php?rest_route=%2Fwp%2Fv2%2Fcomments&post=245"}],"version-history":[{"count":2,"href":"https:\/\/ccsaleauva.fr\/index.php?rest_route=\/wp\/v2\/pages\/245\/revisions"}],"predecessor-version":[{"id":604,"href":"https:\/\/ccsaleauva.fr\/index.php?rest_route=\/wp\/v2\/pages\/245\/revisions\/604"}],"wp:attachment":[{"href":"https:\/\/ccsaleauva.fr\/index.php?rest_route=%2Fwp%2Fv2%2Fmedia&parent=245"}],"curies":[{"name":"wp","href":"https:\/\/api.w.org\/{rel}","templated":true}]}}