{"id":25,"date":"2022-08-30T14:50:51","date_gmt":"2022-08-30T12:50:51","guid":{"rendered":"http:\/\/ccs.aleauva.free.fr\/?page_id=25"},"modified":"2025-10-31T17:31:41","modified_gmt":"2025-10-31T17:31:41","slug":"les-activites","status":"publish","type":"page","link":"https:\/\/ccsaleauva.fr\/?page_id=25","title":{"rendered":"Les activit\u00e9s"},"content":{"rendered":"<p style=\"text-align: center;\"><span style=\"font-size: 14pt;\">Cliquez sur la page souhait\u00e9e<\/span><\/p>\n<p><span style=\"font-size: 8pt;\">.<\/span><\/p>\n<table style=\"border-collapse: collapse; width: 100%; height: 1010px;\">\n<tbody>\n<tr style=\"height: 23px;\">\n<td style=\"width: 34.0476%; height: 23px; text-align: center;\"><\/td>\n<td style=\"width: 31.9047%; height: 23px;\"><a href=\"https:\/\/ccsaleauva.fr\/?page_id=35\" target=\"_blank\" rel=\"noopener\"><img decoding=\"async\" loading=\"lazy\" class=\"alignnone  wp-image-166\" src=\"http:\/\/ccsaleauva.fr\/wp-content\/uploads\/2022\/08\/2J4A4799-BIS-300x200.jpg\" alt=\"\" width=\"326\" height=\"217\" srcset=\"https:\/\/ccsaleauva.fr\/wp-content\/uploads\/2022\/08\/2J4A4799-BIS-300x200.jpg 300w, https:\/\/ccsaleauva.fr\/wp-content\/uploads\/2022\/08\/2J4A4799-BIS-1024x683.jpg 1024w, https:\/\/ccsaleauva.fr\/wp-content\/uploads\/2022\/08\/2J4A4799-BIS-768x512.jpg 768w, https:\/\/ccsaleauva.fr\/wp-content\/uploads\/2022\/08\/2J4A4799-BIS-1536x1024.jpg 1536w, https:\/\/ccsaleauva.fr\/wp-content\/uploads\/2022\/08\/2J4A4799-BIS-2048x1365.jpg 2048w\" sizes=\"(max-width: 326px) 100vw, 326px\" \/><\/a><\/td>\n<td style=\"width: 34.0476%; height: 23px;\"><\/td>\n<\/tr>\n<tr style=\"height: 23px;\">\n<td style=\"width: 34.0476%; text-align: center; height: 23px;\"><\/td>\n<td style=\"width: 31.9047%; height: 23px; text-align: center;\"><a href=\"https:\/\/ccsaleauva.fr\/?page_id=35\" target=\"_blank\" rel=\"noopener\">Cani balade \u00e9ducative<\/a><\/td>\n<td style=\"width: 34.0476%; height: 23px; text-align: center;\"><\/td>\n<\/tr>\n<tr style=\"height: 23px;\">\n<td style=\"width: 34.0476%; height: 23px;\"><\/td>\n<td style=\"width: 31.9047%; height: 23px;\"><\/td>\n<td style=\"width: 34.0476%; height: 23px;\"><\/td>\n<\/tr>\n<tr style=\"height: 23px;\">\n<td style=\"width: 34.0476%; height: 23px; text-align: center;\"><a href=\"https:\/\/ccsaleauva.fr\/?page_id=33\" target=\"_blank\" rel=\"noopener\"><img decoding=\"async\" loading=\"lazy\" class=\"alignnone  wp-image-922\" src=\"http:\/\/ccsaleauva.fr\/wp-content\/uploads\/2025\/10\/29468245_10216531022887486_906412380638937088_n.jpg\" alt=\"\" width=\"252\" height=\"211\" \/><\/a><\/td>\n<td style=\"width: 31.9047%; height: 23px;\"><\/td>\n<td style=\"width: 34.0476%; height: 23px;\"><a href=\"https:\/\/ccsaleauva.fr\/?page_id=31\" target=\"_blank\" rel=\"noopener\"><img decoding=\"async\" loading=\"lazy\" class=\"alignnone size-medium wp-image-454 aligncenter\" src=\"http:\/\/ccsaleauva.fr\/wp-content\/uploads\/2022\/12\/Jeff-et-Payka-300x225.jpg\" alt=\"\" width=\"300\" height=\"225\" srcset=\"https:\/\/ccsaleauva.fr\/wp-content\/uploads\/2022\/12\/Jeff-et-Payka-300x225.jpg 300w, https:\/\/ccsaleauva.fr\/wp-content\/uploads\/2022\/12\/Jeff-et-Payka-1024x768.jpg 1024w, https:\/\/ccsaleauva.fr\/wp-content\/uploads\/2022\/12\/Jeff-et-Payka-768x576.jpg 768w, https:\/\/ccsaleauva.fr\/wp-content\/uploads\/2022\/12\/Jeff-et-Payka-1536x1152.jpg 1536w, https:\/\/ccsaleauva.fr\/wp-content\/uploads\/2022\/12\/Jeff-et-Payka-120x90.jpg 120w, https:\/\/ccsaleauva.fr\/wp-content\/uploads\/2022\/12\/Jeff-et-Payka.jpg 1600w\" sizes=\"(max-width: 300px) 100vw, 300px\" \/><\/a><\/td>\n<\/tr>\n<tr style=\"height: 23px;\">\n<td style=\"width: 34.0476%; height: 23px; text-align: center;\"><a href=\"https:\/\/ccsaleauva.fr\/?page_id=33\" target=\"_blank\" rel=\"noopener\">Recherche utilitaire<\/a><\/td>\n<td style=\"width: 31.9047%; height: 23px;\"><\/td>\n<td style=\"width: 34.0476%; height: 23px; text-align: center;\"><a href=\"https:\/\/ccsaleauva.fr\/?page_id=31\" target=\"_blank\" rel=\"noopener\">Sauvetage \u00e0\u00a0 l&rsquo;eau<\/a><\/td>\n<\/tr>\n<tr style=\"height: 23px;\">\n<td style=\"width: 34.0476%; text-align: center; height: 23px;\"><\/td>\n<td style=\"width: 31.9047%; height: 23px;\"><\/td>\n<td style=\"width: 34.0476%; text-align: center; height: 23px;\"><\/td>\n<\/tr>\n<tr style=\"height: 23px;\">\n<td style=\"width: 99.9999%; text-align: center; height: 23px;\" colspan=\"3\">D\u00c9COUVREZ LES ACTIVIT\u00c9S CANINES<\/p>\n<p>cliquer sur l&rsquo;image pour acc\u00e9der aux podcasts<\/td>\n<\/tr>\n<tr style=\"height: 23px;\">\n<td style=\"width: 34.0476%; text-align: center; height: 23px;\"><\/td>\n<td style=\"width: 31.9047%; height: 23px;\"><\/td>\n<td style=\"width: 34.0476%; text-align: center; height: 23px;\"><\/td>\n<\/tr>\n<tr style=\"height: 231px;\">\n<td style=\"width: 99.9999%; text-align: center; height: 231px;\" colspan=\"3\"><a href=\"https:\/\/www.lamaisondeloupy.fr\/liste\/podcasts\/\" target=\"_blank\" rel=\"noopener\"><img decoding=\"async\" loading=\"lazy\" class=\"alignnone  wp-image-932\" src=\"http:\/\/ccsaleauva.fr\/wp-content\/uploads\/2025\/10\/Capture-decran-2025-10-31-165410-300x190.png\" alt=\"\" width=\"358\" height=\"227\" srcset=\"https:\/\/ccsaleauva.fr\/wp-content\/uploads\/2025\/10\/Capture-decran-2025-10-31-165410-300x190.png 300w, https:\/\/ccsaleauva.fr\/wp-content\/uploads\/2025\/10\/Capture-decran-2025-10-31-165410-1024x647.png 1024w, https:\/\/ccsaleauva.fr\/wp-content\/uploads\/2025\/10\/Capture-decran-2025-10-31-165410-768x485.png 768w, https:\/\/ccsaleauva.fr\/wp-content\/uploads\/2025\/10\/Capture-decran-2025-10-31-165410.png 1255w\" sizes=\"(max-width: 358px) 100vw, 358px\" \/><\/a><\/td>\n<\/tr>\n<tr style=\"height: 23px;\">\n<td style=\"width: 34.0476%; text-align: center; height: 23px;\"><a href=\"https:\/\/www.lamaisondeloupy.fr\/liste\/podcasts\/\" target=\"_blank\" rel=\"noopener\"><img decoding=\"async\" loading=\"lazy\" class=\"alignnone size-medium wp-image-930\" src=\"http:\/\/ccsaleauva.fr\/wp-content\/uploads\/2025\/10\/Capture-decran-2025-10-31-165228-284x300.png\" alt=\"\" width=\"284\" height=\"300\" srcset=\"https:\/\/ccsaleauva.fr\/wp-content\/uploads\/2025\/10\/Capture-decran-2025-10-31-165228-284x300.png 284w, https:\/\/ccsaleauva.fr\/wp-content\/uploads\/2025\/10\/Capture-decran-2025-10-31-165228.png 623w\" sizes=\"(max-width: 284px) 100vw, 284px\" \/><\/a><\/td>\n<td style=\"width: 31.9047%; height: 23px;\"><\/td>\n<td style=\"width: 34.0476%; text-align: center; height: 23px;\"><a href=\"https:\/\/www.lamaisondeloupy.fr\/liste\/podcasts\/\" target=\"_blank\" rel=\"noopener\"><img decoding=\"async\" loading=\"lazy\" class=\"alignnone size-medium wp-image-931\" src=\"http:\/\/ccsaleauva.fr\/wp-content\/uploads\/2025\/10\/Capture-decran-2025-10-31-165240-298x300.png\" alt=\"\" width=\"298\" height=\"300\" srcset=\"https:\/\/ccsaleauva.fr\/wp-content\/uploads\/2025\/10\/Capture-decran-2025-10-31-165240-298x300.png 298w, https:\/\/ccsaleauva.fr\/wp-content\/uploads\/2025\/10\/Capture-decran-2025-10-31-165240-150x150.png 150w, https:\/\/ccsaleauva.fr\/wp-content\/uploads\/2025\/10\/Capture-decran-2025-10-31-165240.png 611w\" sizes=\"(max-width: 298px) 100vw, 298px\" \/><\/a><\/td>\n<\/tr>\n<tr style=\"height: 292px;\">\n<td style=\"width: 34.0476%; text-align: center; height: 292px;\"><a href=\"https:\/\/www.lamaisondeloupy.fr\/liste\/podcasts\/\" target=\"_blank\" rel=\"noopener\"><img decoding=\"async\" loading=\"lazy\" class=\"alignnone size-medium wp-image-928\" src=\"http:\/\/ccsaleauva.fr\/wp-content\/uploads\/2025\/10\/Capture-decran-2025-10-31-165143-300x295.png\" alt=\"\" width=\"300\" height=\"295\" srcset=\"https:\/\/ccsaleauva.fr\/wp-content\/uploads\/2025\/10\/Capture-decran-2025-10-31-165143-300x295.png 300w, https:\/\/ccsaleauva.fr\/wp-content\/uploads\/2025\/10\/Capture-decran-2025-10-31-165143.png 631w\" sizes=\"(max-width: 300px) 100vw, 300px\" \/><\/a><\/p>\n<p>Avec le Club de Pignans<\/td>\n<td style=\"width: 31.9047%; height: 292px;\"><\/td>\n<td style=\"width: 34.0476%; text-align: center; height: 292px;\"><a href=\"https:\/\/www.lamaisondeloupy.fr\/liste\/podcasts\/\" target=\"_blank\" rel=\"noopener\"><img decoding=\"async\" loading=\"lazy\" class=\"alignnone size-medium wp-image-926\" src=\"http:\/\/ccsaleauva.fr\/wp-content\/uploads\/2025\/10\/Capture-decran-2025-10-31-164944-276x300.png\" alt=\"\" width=\"276\" height=\"300\" srcset=\"https:\/\/ccsaleauva.fr\/wp-content\/uploads\/2025\/10\/Capture-decran-2025-10-31-164944-276x300.png 276w, https:\/\/ccsaleauva.fr\/wp-content\/uploads\/2025\/10\/Capture-decran-2025-10-31-164944.png 610w\" sizes=\"(max-width: 276px) 100vw, 276px\" \/><\/a><\/p>\n<p>Avec le Club Canin de Sauvetage A l&rsquo;eau&rsquo;va<\/td>\n<\/tr>\n<tr style=\"height: 280px;\">\n<td style=\"width: 34.0476%; text-align: center; height: 280px;\"><\/td>\n<td style=\"width: 31.9047%; height: 280px;\"><a href=\"https:\/\/www.lamaisondeloupy.fr\/liste\/podcasts\/\" target=\"_blank\" rel=\"noopener\"><img decoding=\"async\" loading=\"lazy\" class=\"alignnone size-medium wp-image-929\" src=\"http:\/\/ccsaleauva.fr\/wp-content\/uploads\/2025\/10\/Capture-decran-2025-10-31-165205-288x300.png\" alt=\"\" width=\"288\" height=\"300\" srcset=\"https:\/\/ccsaleauva.fr\/wp-content\/uploads\/2025\/10\/Capture-decran-2025-10-31-165205-288x300.png 288w, https:\/\/ccsaleauva.fr\/wp-content\/uploads\/2025\/10\/Capture-decran-2025-10-31-165205.png 627w\" sizes=\"(max-width: 288px) 100vw, 288px\" \/><\/a><\/p>\n<p style=\"text-align: center;\">Avec le Club Aix Sport Canin<\/p>\n<\/td>\n<td style=\"width: 34.0476%; text-align: center; height: 280px;\"><\/td>\n<\/tr>\n<\/tbody>\n<\/table>\n<p>.<\/p>\n","protected":false},"excerpt":{"rendered":"<p>Cliquez sur la page souhait\u00e9e . Cani balade \u00e9ducative Recherche utilitaire Sauvetage \u00e0\u00a0 l&rsquo;eau D\u00c9COUVREZ LES ACTIVIT\u00c9S CANINES cliquer sur l&rsquo;image pour acc\u00e9der aux podcasts Avec le Club de Pignans Avec le Club Canin de Sauvetage A l&rsquo;eau&rsquo;va Avec le Club Aix Sport Canin .<\/p>\n","protected":false},"author":1,"featured_media":0,"parent":0,"menu_order":0,"comment_status":"closed","ping_status":"closed","template":"","meta":[],"_links":{"self":[{"href":"https:\/\/ccsaleauva.fr\/index.php?rest_route=\/wp\/v2\/pages\/25"}],"collection":[{"href":"https:\/\/ccsaleauva.fr\/index.php?rest_route=\/wp\/v2\/pages"}],"about":[{"href":"https:\/\/ccsaleauva.fr\/index.php?rest_route=\/wp\/v2\/types\/page"}],"author":[{"embeddable":true,"href":"https:\/\/ccsaleauva.fr\/index.php?rest_route=\/wp\/v2\/users\/1"}],"replies":[{"embeddable":true,"href":"https:\/\/ccsaleauva.fr\/index.php?rest_route=%2Fwp%2Fv2%2Fcomments&post=25"}],"version-history":[{"count":10,"href":"https:\/\/ccsaleauva.fr\/index.php?rest_route=\/wp\/v2\/pages\/25\/revisions"}],"predecessor-version":[{"id":937,"href":"https:\/\/ccsaleauva.fr\/index.php?rest_route=\/wp\/v2\/pages\/25\/revisions\/937"}],"wp:attachment":[{"href":"https:\/\/ccsaleauva.fr\/index.php?rest_route=%2Fwp%2Fv2%2Fmedia&parent=25"}],"curies":[{"name":"wp","href":"https:\/\/api.w.org\/{rel}","templated":true}]}}