{"id":31,"date":"2022-08-30T14:52:42","date_gmt":"2022-08-30T12:52:42","guid":{"rendered":"http:\/\/ccs.aleauva.free.fr\/?page_id=31"},"modified":"2022-12-19T16:03:05","modified_gmt":"2022-12-19T16:03:05","slug":"sauvetage-specialite-eau","status":"publish","type":"page","link":"https:\/\/ccsaleauva.fr\/?page_id=31","title":{"rendered":"Sauvetage \u00e0 l&rsquo;eau"},"content":{"rendered":"<p style=\"text-align: justify;\"><span style=\"font-size: 8pt;\">.<\/span><\/p>\n<p style=\"text-align: justify;\"><span style=\"font-size: 14pt;\">Le sauvetage \u00e0 l\u2019eau (selon le programme de la CUNSE) est une v\u00e9ritable discipline sportive qui se pratique aussi bien en eaux douces qu\u2019en mer. Cette activit\u00e9 est ouverte aux chiens de races suivantes : <\/span><\/p>\n<ul>\n<li style=\"text-align: justify;\"><span style=\"font-size: 14pt;\">Les <span style=\"text-decoration: underline;\"><em>CHIENS DE BERGER 1er groupe<\/em><\/span> : Podhale ou Berger de Tatras, Berger Blanc Suisse, Berger allemand, beauceron, berger australien<br \/>\n<\/span><\/li>\n<li style=\"text-align: justify;\"><span style=\"font-size: 14pt;\">Les <span style=\"text-decoration: underline;\"><em>MOLOSSOIDES 2\u00e8me groupe<\/em><\/span> : Terre-Neuve, Landseer, Leonberg, Terrier noir Russe, Bouvier Bernois, Bouvier de L\u2019Entlebuch, Bouvier d\u2019Appenzell, Grand Bouvier, Saint Bernard, Hovawart, Cane corso<\/span><\/li>\n<li style=\"text-align: justify;\"><span style=\"font-size: 14pt;\">Les <span style=\"text-decoration: underline;\"><em>RETRIEVERS du 8\u00e8me groupe<\/em><\/span> : Labradors, Golden, Flat-Coated, Novia-Scotia, Curly-Coated, Chesapeake<\/span><\/li>\n<li style=\"text-align: justify;\"><span style=\"font-size: 14pt;\">Les <em><span style=\"text-decoration: underline;\">CHIENS D\u2019EAU du 8\u00e8me groupe<\/span><\/em> : Chien d\u2019eau Portugais, Chien d\u2019eau Espagnol, Chien d\u2019eau Frison, Chien d\u2019eau Irlandais, Chien d\u2019eau Romagnol, Chien d\u2019eau Am\u00e9ricain, Chien d\u2019eau Fran\u00e7ais-Barbet.<\/span><\/li>\n<li style=\"text-align: justify;\"><span style=\"font-size: 14pt;\">Les <span style=\"text-decoration: underline;\"><em>CHIENS d\u2019agr\u00e9ment et de COMPAGNIE du 9\u00e8me groupe<\/em><\/span> : Grand caniche.<\/span><br \/>\n.<\/li>\n<\/ul>\n<p><span style=\"font-size: 14pt;\">Les \u00e9preuves comportent trois phases :<\/span><br \/>\n<span style=\"font-size: 14pt;\">* un travail \u00e0 terre bas\u00e9 sur des exercices d\u2019ob\u00e9issance : marche au pied, rappel, positions.<\/span><\/p>\n<p><img decoding=\"async\" loading=\"lazy\" class=\" wp-image-98 aligncenter\" src=\"http:\/\/ccsaleauva.fr\/wp-content\/uploads\/2022\/08\/8-300x135.jpg\" alt=\"\" width=\"342\" height=\"154\" srcset=\"https:\/\/ccsaleauva.fr\/wp-content\/uploads\/2022\/08\/8-300x135.jpg 300w, https:\/\/ccsaleauva.fr\/wp-content\/uploads\/2022\/08\/8-1024x461.jpg 1024w, https:\/\/ccsaleauva.fr\/wp-content\/uploads\/2022\/08\/8-768x346.jpg 768w, https:\/\/ccsaleauva.fr\/wp-content\/uploads\/2022\/08\/8.jpg 1070w\" sizes=\"(max-width: 342px) 100vw, 342px\" \/><br \/>\n<span style=\"font-size: 14pt;\">* une nage d\u2019endurance<\/span><\/p>\n<table style=\"border-collapse: collapse; width: 100%;\">\n<tbody>\n<tr>\n<td style=\"width: 38.5714%;\"><img decoding=\"async\" loading=\"lazy\" class=\"alignnone size-medium wp-image-103\" src=\"http:\/\/ccsaleauva.fr\/wp-content\/uploads\/2022\/08\/WhatsApp-Image-2022-07-29-at-12.57.39-300x225.jpeg\" alt=\"\" width=\"300\" height=\"225\" srcset=\"https:\/\/ccsaleauva.fr\/wp-content\/uploads\/2022\/08\/WhatsApp-Image-2022-07-29-at-12.57.39-300x225.jpeg 300w, https:\/\/ccsaleauva.fr\/wp-content\/uploads\/2022\/08\/WhatsApp-Image-2022-07-29-at-12.57.39-1024x768.jpeg 1024w, https:\/\/ccsaleauva.fr\/wp-content\/uploads\/2022\/08\/WhatsApp-Image-2022-07-29-at-12.57.39-768x576.jpeg 768w, https:\/\/ccsaleauva.fr\/wp-content\/uploads\/2022\/08\/WhatsApp-Image-2022-07-29-at-12.57.39.jpeg 1070w\" sizes=\"(max-width: 300px) 100vw, 300px\" \/><\/td>\n<td style=\"width: 25.4762%;\"><\/td>\n<td style=\"width: 35.9523%;\"><img decoding=\"async\" loading=\"lazy\" class=\"alignnone size-medium wp-image-101\" src=\"http:\/\/ccsaleauva.fr\/wp-content\/uploads\/2022\/08\/10-225x300.jpg\" alt=\"\" width=\"225\" height=\"300\" srcset=\"https:\/\/ccsaleauva.fr\/wp-content\/uploads\/2022\/08\/10-225x300.jpg 225w, https:\/\/ccsaleauva.fr\/wp-content\/uploads\/2022\/08\/10-768x1024.jpg 768w, https:\/\/ccsaleauva.fr\/wp-content\/uploads\/2022\/08\/10.jpg 1070w\" sizes=\"(max-width: 225px) 100vw, 225px\" \/><\/td>\n<\/tr>\n<\/tbody>\n<\/table>\n<ul>\n<li><span style=\"font-size: 14pt;\">des exercices du travail \u00e0 l\u2019eau.<\/span><\/li>\n<\/ul>\n<table style=\"border-collapse: collapse; width: 100%;\">\n<tbody>\n<tr>\n<td style=\"width: 47.7381%;\"><img decoding=\"async\" loading=\"lazy\" class=\"size-medium wp-image-102 aligncenter\" src=\"http:\/\/ccsaleauva.fr\/wp-content\/uploads\/2022\/08\/WhatsApp-Image-2022-07-29-at-12.57.37-300x225.jpeg\" alt=\"\" width=\"300\" height=\"225\" srcset=\"https:\/\/ccsaleauva.fr\/wp-content\/uploads\/2022\/08\/WhatsApp-Image-2022-07-29-at-12.57.37-300x225.jpeg 300w, https:\/\/ccsaleauva.fr\/wp-content\/uploads\/2022\/08\/WhatsApp-Image-2022-07-29-at-12.57.37-1024x767.jpeg 1024w, https:\/\/ccsaleauva.fr\/wp-content\/uploads\/2022\/08\/WhatsApp-Image-2022-07-29-at-12.57.37-768x575.jpeg 768w, https:\/\/ccsaleauva.fr\/wp-content\/uploads\/2022\/08\/WhatsApp-Image-2022-07-29-at-12.57.37.jpeg 1070w\" sizes=\"(max-width: 300px) 100vw, 300px\" \/><\/td>\n<td style=\"width: 11.3095%;\"><\/td>\n<td style=\"width: 40.9523%;\"><img decoding=\"async\" loading=\"lazy\" class=\"size-medium wp-image-100 aligncenter\" src=\"http:\/\/ccsaleauva.fr\/wp-content\/uploads\/2022\/08\/3-300x225.jpg\" alt=\"\" width=\"300\" height=\"225\" srcset=\"https:\/\/ccsaleauva.fr\/wp-content\/uploads\/2022\/08\/3-300x225.jpg 300w, https:\/\/ccsaleauva.fr\/wp-content\/uploads\/2022\/08\/3-1024x768.jpg 1024w, https:\/\/ccsaleauva.fr\/wp-content\/uploads\/2022\/08\/3-768x576.jpg 768w, https:\/\/ccsaleauva.fr\/wp-content\/uploads\/2022\/08\/3.jpg 1070w\" sizes=\"(max-width: 300px) 100vw, 300px\" \/><\/td>\n<\/tr>\n<\/tbody>\n<\/table>\n<p style=\"text-align: justify;\"><span style=\"font-size: 14pt;\">Les exercices mettent en avant la complicit\u00e9, l\u2019\u00e9coute et l\u2019instinct. Ce sont essentiellement des exercices \u00ab d\u2019apports \u00bb et de \u00ab rapports \u00bb dans diverses situations. Le chien ex\u00e9cute toutes sortes d\u2019exercices qui ont pour but de l\u2019amener \u00e0 venir au secours des personnes ou embarcations l\u00e9g\u00e8res.<\/span><\/p>\n<p style=\"text-align: center;\">\u00a0<img decoding=\"async\" loading=\"lazy\" class=\"alignnone size-medium wp-image-107\" src=\"http:\/\/ccsaleauva.fr\/wp-content\/uploads\/2022\/08\/WhatsApp-Image-2022-07-28-at-13.07.00-300x135.jpeg\" alt=\"\" width=\"300\" height=\"135\" srcset=\"https:\/\/ccsaleauva.fr\/wp-content\/uploads\/2022\/08\/WhatsApp-Image-2022-07-28-at-13.07.00-300x135.jpeg 300w, https:\/\/ccsaleauva.fr\/wp-content\/uploads\/2022\/08\/WhatsApp-Image-2022-07-28-at-13.07.00-1024x461.jpeg 1024w, https:\/\/ccsaleauva.fr\/wp-content\/uploads\/2022\/08\/WhatsApp-Image-2022-07-28-at-13.07.00-768x346.jpeg 768w, https:\/\/ccsaleauva.fr\/wp-content\/uploads\/2022\/08\/WhatsApp-Image-2022-07-28-at-13.07.00.jpeg 1480w\" sizes=\"(max-width: 300px) 100vw, 300px\" \/><\/p>\n<p style=\"text-align: justify;\"><span style=\"font-size: 14pt;\">Le sauvetage \u00e0 l\u2019eau, ceci m\u00eame si le chien obtient le brevet de sauvetage en mer, n\u2019ouvre pas au travail op\u00e9rationnel sur le terrain. Il reste avant tout une discipline de la SCC au m\u00eame titre que l\u2019Ob\u00e9issance, la Recherche Utilitaire, le Pistage, &#8230;<\/span><\/p>\n<p><span style=\"font-size: 14pt;\">Le travail \u00e0 l\u2019eau est pratiqu\u00e9 \u00e0 titre de loisir, pour le plaisir de faire travailler nos chiens et mettre leurs aptitudes en valeur.<\/span><\/p>\n<p style=\"text-align: center;\"><img decoding=\"async\" loading=\"lazy\" class=\"alignnone  wp-image-109\" src=\"http:\/\/ccsaleauva.fr\/wp-content\/uploads\/2022\/08\/WhatsApp-Image-2022-08-05-at-19.32.31-225x300.jpeg\" alt=\"\" width=\"343\" height=\"457\" srcset=\"https:\/\/ccsaleauva.fr\/wp-content\/uploads\/2022\/08\/WhatsApp-Image-2022-08-05-at-19.32.31-225x300.jpeg 225w, https:\/\/ccsaleauva.fr\/wp-content\/uploads\/2022\/08\/WhatsApp-Image-2022-08-05-at-19.32.31-768x1024.jpeg 768w, https:\/\/ccsaleauva.fr\/wp-content\/uploads\/2022\/08\/WhatsApp-Image-2022-08-05-at-19.32.31.jpeg 1070w\" sizes=\"(max-width: 343px) 100vw, 343px\" \/><\/p>\n","protected":false},"excerpt":{"rendered":"<p>. Le sauvetage \u00e0 l\u2019eau (selon le programme de la CUNSE) est une v\u00e9ritable discipline sportive qui se pratique aussi bien en eaux douces qu\u2019en mer. Cette activit\u00e9 est ouverte aux chiens de races suivantes : Les CHIENS DE BERGER 1er groupe : Podhale ou Berger de Tatras, Berger Blanc Suisse, Berger allemand, beauceron, berger&hellip;<\/p>\n","protected":false},"author":1,"featured_media":0,"parent":27,"menu_order":0,"comment_status":"closed","ping_status":"closed","template":"","meta":[],"_links":{"self":[{"href":"https:\/\/ccsaleauva.fr\/index.php?rest_route=\/wp\/v2\/pages\/31"}],"collection":[{"href":"https:\/\/ccsaleauva.fr\/index.php?rest_route=\/wp\/v2\/pages"}],"about":[{"href":"https:\/\/ccsaleauva.fr\/index.php?rest_route=\/wp\/v2\/types\/page"}],"author":[{"embeddable":true,"href":"https:\/\/ccsaleauva.fr\/index.php?rest_route=\/wp\/v2\/users\/1"}],"replies":[{"embeddable":true,"href":"https:\/\/ccsaleauva.fr\/index.php?rest_route=%2Fwp%2Fv2%2Fcomments&post=31"}],"version-history":[{"count":2,"href":"https:\/\/ccsaleauva.fr\/index.php?rest_route=\/wp\/v2\/pages\/31\/revisions"}],"predecessor-version":[{"id":386,"href":"https:\/\/ccsaleauva.fr\/index.php?rest_route=\/wp\/v2\/pages\/31\/revisions\/386"}],"up":[{"embeddable":true,"href":"https:\/\/ccsaleauva.fr\/index.php?rest_route=\/wp\/v2\/pages\/27"}],"wp:attachment":[{"href":"https:\/\/ccsaleauva.fr\/index.php?rest_route=%2Fwp%2Fv2%2Fmedia&parent=31"}],"curies":[{"name":"wp","href":"https:\/\/api.w.org\/{rel}","templated":true}]}}