{"id":33,"date":"2022-08-30T14:53:12","date_gmt":"2022-08-30T12:53:12","guid":{"rendered":"http:\/\/ccs.aleauva.free.fr\/?page_id=33"},"modified":"2022-08-30T14:53:12","modified_gmt":"2022-08-30T12:53:12","slug":"recherche-utilitaire","status":"publish","type":"page","link":"https:\/\/ccsaleauva.fr\/?page_id=33","title":{"rendered":"Recherche Utilitaire"},"content":{"rendered":"<p>.<\/p>\n<p>.<\/p>\n<p style=\"text-align: justify;\"><span class=\"f7rl1if4 adechonz f6oz4yja dahkl6ri axrg9lpx rufpak1n qtovjlwq qbmienfq rfyhaz4c rdmi1yqr ohrdq8us nswx41af fawcizw8 l1aqi3e3 sdu1flz4\"><span style=\"font-size: 14pt;\">La Recherche Utilitaire ou R.U. est une discipline de flair qui se pratique en comp\u00e9tition. Le maitre et le chien se pr\u00e9sente \u00e0 un juge, le maitre m\u00e8ne une enqu\u00eate rapide pour connaitre l\u2019identit\u00e9 du traceur (qui joue le r\u00f4le de la personne disparue) et d\u00e9terminer le plus pr\u00e9cis\u00e9ment l\u2019endroit o\u00f9 il a \u00e9t\u00e9 vu avant de \u00ab dispara\u00eetre \u00bb. Le chien est ensuite lanc\u00e9 \u00e0 la recherche du poseur et dispose uniquement d\u2019un objet de r\u00e9f\u00e9rence (ayant appartenu au poseur).<\/span> <\/span><\/p>\n<p style=\"text-align: center;\"><img decoding=\"async\" loading=\"lazy\" class=\"alignnone  wp-image-190\" src=\"http:\/\/ccsaleauva.fr\/wp-content\/uploads\/2022\/09\/29386639_10216531092689231_7977336611933257728_n-300x169.jpg\" alt=\"\" width=\"372\" height=\"209\" srcset=\"https:\/\/ccsaleauva.fr\/wp-content\/uploads\/2022\/09\/29386639_10216531092689231_7977336611933257728_n-300x169.jpg 300w, https:\/\/ccsaleauva.fr\/wp-content\/uploads\/2022\/09\/29386639_10216531092689231_7977336611933257728_n-1024x576.jpg 1024w, https:\/\/ccsaleauva.fr\/wp-content\/uploads\/2022\/09\/29386639_10216531092689231_7977336611933257728_n-768x432.jpg 768w, https:\/\/ccsaleauva.fr\/wp-content\/uploads\/2022\/09\/29386639_10216531092689231_7977336611933257728_n.jpg 1218w\" sizes=\"(max-width: 372px) 100vw, 372px\" \/><\/p>\n<table style=\"border-collapse: collapse; width: 100%; height: 210px;\">\n<tbody>\n<tr style=\"height: 187px;\">\n<td style=\"width: 50%; text-align: justify; height: 187px;\">\n<p><span class=\"f7rl1if4 adechonz f6oz4yja dahkl6ri axrg9lpx rufpak1n qtovjlwq qbmienfq rfyhaz4c rdmi1yqr ohrdq8us nswx41af fawcizw8 l1aqi3e3 sdu1flz4\"><span style=\"font-size: 14pt;\">Selon le niveau de l\u2019\u00e9quipe, plusieurs crit\u00e8res de difficult\u00e9s vont varier. Ainsi en Brevet (1\u00b0 niveau) le poseur aura disparu depuis 1h30 et aura parcouru entre 850 et 900m avec 3 \u00e0 4 changements de direction. En niveau III (le plus haut niveau), le poseur aura disparu depuis 4h, aura parcouru 2km dont une partie en milieu urbain et aura chang\u00e9 7 \u00e0 9 fois de direction.<\/span> <\/span><\/td>\n<td style=\"width: 50%; height: 187px;\"><img decoding=\"async\" loading=\"lazy\" class=\" wp-image-186 aligncenter\" src=\"http:\/\/ccsaleauva.fr\/wp-content\/uploads\/2022\/09\/29388354_10216530986726582_5252127914991812608_n-300x169.jpg\" alt=\"\" width=\"362\" height=\"204\" srcset=\"https:\/\/ccsaleauva.fr\/wp-content\/uploads\/2022\/09\/29388354_10216530986726582_5252127914991812608_n-300x169.jpg 300w, https:\/\/ccsaleauva.fr\/wp-content\/uploads\/2022\/09\/29388354_10216530986726582_5252127914991812608_n.jpg 560w\" sizes=\"(max-width: 362px) 100vw, 362px\" \/><\/td>\n<\/tr>\n<tr style=\"height: 23px;\">\n<td style=\"width: 50%; height: 23px;\"><img decoding=\"async\" loading=\"lazy\" class=\"alignnone  wp-image-187 aligncenter\" src=\"http:\/\/ccsaleauva.fr\/wp-content\/uploads\/2022\/09\/29468245_10216531022887486_906412380638937088_n-300x169.jpg\" alt=\"\" width=\"371\" height=\"209\" \/><\/td>\n<td style=\"width: 50%; height: 23px; text-align: justify;\">\n<p><span class=\"f7rl1if4 adechonz f6oz4yja dahkl6ri axrg9lpx rufpak1n qtovjlwq qbmienfq rfyhaz4c rdmi1yqr ohrdq8us nswx41af fawcizw8 l1aqi3e3 sdu1flz4\"><span style=\"font-size: 14pt;\">Durant son parcours, le poseur perd des objets (tissu, cuir, carton, bois\u2026) La sp\u00e9cificit\u00e9 de la RU r\u00e9side dans le fait que le chien peut travailler tr\u00e8s librement : il peut pister ou qu\u00eater, il peut couper la piste, travailler en parall\u00e8le, il peut se reposer, se d\u00e9salt\u00e9rer, \u00eatre nourri, il peut choisir de prendre une pause et se baigner si l\u2019occasion se pr\u00e9sente\u2026<\/span> <\/span><\/td>\n<\/tr>\n<tr>\n<td style=\"width: 50%; text-align: justify;\">\n<p><span class=\"f7rl1if4 adechonz f6oz4yja dahkl6ri axrg9lpx rufpak1n qtovjlwq qbmienfq rfyhaz4c rdmi1yqr ohrdq8us nswx41af fawcizw8 l1aqi3e3 sdu1flz4\"><span style=\"font-size: 14pt;\">Mais pour r\u00e9ussir sa piste, il doit imp\u00e9rativement retrouver le poseur et les objets \u00e9gar\u00e9s par celui-ci dans le temps imparti. Le maitre ne sait absolument rien du parcours et doit donc faire confiance \u00e0 son chien, il doit savoir le lire et comprendre quand celui-ci travaille et quand celui-ci est en difficult\u00e9. La RU est donc une discipline d\u2019humilit\u00e9 ! Tous les chiens sont admis \u00e0 concourir en R.U., qu\u2019ils soient petits ou grands, jeune ou vieux mais il faut \u00eatre pr\u00eat \u00e0 marcher .<\/span> <\/span><\/td>\n<td style=\"width: 50%;\"><span class=\"f7rl1if4 adechonz f6oz4yja dahkl6ri axrg9lpx rufpak1n qtovjlwq qbmienfq rfyhaz4c rdmi1yqr ohrdq8us nswx41af fawcizw8 l1aqi3e3 sdu1flz4\"><img decoding=\"async\" loading=\"lazy\" class=\"alignnone  wp-image-188 aligncenter\" src=\"http:\/\/ccsaleauva.fr\/wp-content\/uploads\/2022\/09\/81337295_10222121667210100_3362733838265483264_n-300x225.jpg\" alt=\"\" width=\"363\" height=\"272\" srcset=\"https:\/\/ccsaleauva.fr\/wp-content\/uploads\/2022\/09\/81337295_10222121667210100_3362733838265483264_n-300x225.jpg 300w, https:\/\/ccsaleauva.fr\/wp-content\/uploads\/2022\/09\/81337295_10222121667210100_3362733838265483264_n-768x576.jpg 768w, https:\/\/ccsaleauva.fr\/wp-content\/uploads\/2022\/09\/81337295_10222121667210100_3362733838265483264_n.jpg 960w\" sizes=\"(max-width: 363px) 100vw, 363px\" \/><\/span><\/td>\n<\/tr>\n<tr>\n<td style=\"width: 50%; text-align: justify;\"><span class=\"f7rl1if4 adechonz f6oz4yja dahkl6ri axrg9lpx rufpak1n qtovjlwq qbmienfq rfyhaz4c rdmi1yqr ohrdq8us nswx41af fawcizw8 l1aqi3e3 sdu1flz4\"><img decoding=\"async\" loading=\"lazy\" class=\" wp-image-189 aligncenter\" src=\"http:\/\/ccsaleauva.fr\/wp-content\/uploads\/2022\/09\/301585365_624464932403694_502350105353109810_n-225x300.jpg\" alt=\"\" width=\"250\" height=\"333\" srcset=\"https:\/\/ccsaleauva.fr\/wp-content\/uploads\/2022\/09\/301585365_624464932403694_502350105353109810_n-225x300.jpg 225w, https:\/\/ccsaleauva.fr\/wp-content\/uploads\/2022\/09\/301585365_624464932403694_502350105353109810_n-768x1024.jpg 768w, https:\/\/ccsaleauva.fr\/wp-content\/uploads\/2022\/09\/301585365_624464932403694_502350105353109810_n-1152x1536.jpg 1152w, https:\/\/ccsaleauva.fr\/wp-content\/uploads\/2022\/09\/301585365_624464932403694_502350105353109810_n.jpg 1536w\" sizes=\"(max-width: 250px) 100vw, 250px\" \/><\/span><\/td>\n<td style=\"width: 50%; text-align: justify;\">\n<p><span class=\"f7rl1if4 adechonz f6oz4yja dahkl6ri axrg9lpx rufpak1n qtovjlwq qbmienfq rfyhaz4c rdmi1yqr ohrdq8us nswx41af fawcizw8 l1aqi3e3 sdu1flz4\" style=\"font-size: 14pt;\">Pour pr\u00e9parer son chien \u00e0 la comp\u00e9tition, il faut un travail r\u00e9gulier, personnel et autonome de l\u2019\u00e9quipe. Les entrainements collectifs demandent \u00e9norm\u00e9ment de temps et sont occasionnels. Les \u00e9preuves de comp\u00e9tition n\u00e9cessitent de faire beaucoup de kilom\u00e8tres mais sont des moments tr\u00e8s conviviaux ou une douzaine de comp\u00e9titeurs va vivre ensemble durant 48h, concourir et suivre le travail de chaque chien sous le regard d\u2019un juge.<\/span><\/td>\n<\/tr>\n<\/tbody>\n<\/table>\n<p style=\"text-align: justify;\"><span class=\"f7rl1if4 adechonz f6oz4yja dahkl6ri axrg9lpx rufpak1n qtovjlwq qbmienfq rfyhaz4c rdmi1yqr ohrdq8us nswx41af fawcizw8 l1aqi3e3 sdu1flz4\">\u00a0<\/span><\/p>\n<p style=\"text-align: justify;\"><span class=\"f7rl1if4 adechonz f6oz4yja dahkl6ri axrg9lpx rufpak1n qtovjlwq qbmienfq rfyhaz4c rdmi1yqr ohrdq8us nswx41af fawcizw8 l1aqi3e3 sdu1flz4\">\u00a0<\/span><\/p>\n<p style=\"text-align: justify;\"><span class=\"f7rl1if4 adechonz f6oz4yja dahkl6ri axrg9lpx rufpak1n qtovjlwq qbmienfq rfyhaz4c rdmi1yqr ohrdq8us nswx41af fawcizw8 l1aqi3e3 sdu1flz4\">\u00a0<\/span><\/p>\n","protected":false},"excerpt":{"rendered":"<p>. . La Recherche Utilitaire ou R.U. est une discipline de flair qui se pratique en comp\u00e9tition. Le maitre et le chien se pr\u00e9sente \u00e0 un juge, le maitre m\u00e8ne une enqu\u00eate rapide pour connaitre l\u2019identit\u00e9 du traceur (qui joue le r\u00f4le de la personne disparue) et d\u00e9terminer le plus pr\u00e9cis\u00e9ment l\u2019endroit o\u00f9 il a&hellip;<\/p>\n","protected":false},"author":1,"featured_media":0,"parent":27,"menu_order":0,"comment_status":"closed","ping_status":"closed","template":"","meta":[],"_links":{"self":[{"href":"https:\/\/ccsaleauva.fr\/index.php?rest_route=\/wp\/v2\/pages\/33"}],"collection":[{"href":"https:\/\/ccsaleauva.fr\/index.php?rest_route=\/wp\/v2\/pages"}],"about":[{"href":"https:\/\/ccsaleauva.fr\/index.php?rest_route=\/wp\/v2\/types\/page"}],"author":[{"embeddable":true,"href":"https:\/\/ccsaleauva.fr\/index.php?rest_route=\/wp\/v2\/users\/1"}],"replies":[{"embeddable":true,"href":"https:\/\/ccsaleauva.fr\/index.php?rest_route=%2Fwp%2Fv2%2Fcomments&post=33"}],"version-history":[{"count":0,"href":"https:\/\/ccsaleauva.fr\/index.php?rest_route=\/wp\/v2\/pages\/33\/revisions"}],"up":[{"embeddable":true,"href":"https:\/\/ccsaleauva.fr\/index.php?rest_route=\/wp\/v2\/pages\/27"}],"wp:attachment":[{"href":"https:\/\/ccsaleauva.fr\/index.php?rest_route=%2Fwp%2Fv2%2Fmedia&parent=33"}],"curies":[{"name":"wp","href":"https:\/\/api.w.org\/{rel}","templated":true}]}}