{"id":35,"date":"2022-08-30T14:53:45","date_gmt":"2022-08-30T12:53:45","guid":{"rendered":"http:\/\/ccs.aleauva.free.fr\/?page_id=35"},"modified":"2022-08-30T14:53:45","modified_gmt":"2022-08-30T12:53:45","slug":"cani-balade-educative","status":"publish","type":"page","link":"https:\/\/ccsaleauva.fr\/?page_id=35","title":{"rendered":"Cani balade \u00e9ducative"},"content":{"rendered":"<h3 style=\"text-align: center;\"><span style=\"color: #ff0000;\">Vous aimez vous balader !&#8230;<\/span><\/h3>\n<h3 style=\"text-align: center;\"><span style=\"color: #ff0000;\">Votre chien va adorer vous accompagner avec les cani-balades !<\/span><\/h3>\n<p><span style=\"font-size: 8pt;\">.<\/span><\/p>\n<p style=\"text-align: justify;\"><span style=\"font-size: 14pt;\">La cani-balade allie le plaisir d&rsquo;une randonn\u00e9e collective \u00e0 des b\u00e9n\u00e9fices certains, dans un esprit convivial.<\/span><\/p>\n<p style=\"text-align: justify;\"><span style=\"font-size: 14pt;\">Appel\u00e9es aussi <strong>cani-marches \u00e9ducatives<\/strong> ou <strong>rando-\u00e9ducation<\/strong>, les cani-balades sont des <strong>randonn\u00e9es \u00e9ducatives collectives<\/strong>, pour socialiser et familiariser son jeune chien mais aussi r\u00e9\u00e9duquer un chien adulte. La cani-balade est en effet un bon moyen d&rsquo;aider les chiens en difficult\u00e9, avec un objectif concret et r\u00e9alisable.<\/span><\/p>\n<p><img decoding=\"async\" loading=\"lazy\" class=\"size-medium wp-image-115 aligncenter\" src=\"http:\/\/ccsaleauva.fr\/wp-content\/uploads\/2022\/08\/50889824_1262492457222249_205270020517789696_n-300x225.jpg\" alt=\"\" width=\"300\" height=\"225\" srcset=\"https:\/\/ccsaleauva.fr\/wp-content\/uploads\/2022\/08\/50889824_1262492457222249_205270020517789696_n-300x225.jpg 300w, https:\/\/ccsaleauva.fr\/wp-content\/uploads\/2022\/08\/50889824_1262492457222249_205270020517789696_n.jpg 600w\" sizes=\"(max-width: 300px) 100vw, 300px\" \/><\/p>\n<p>.<\/p>\n<p style=\"text-align: justify;\"><span style=\"font-size: 14pt;\">Elles sont <strong>accessibles \u00e0 tous<\/strong> et en les pratiquant plus ou moins r\u00e9guli\u00e8rement avec votre chien, vous contribuez \u00e0 enrichir votre relation avec lui tout en faisant de l&rsquo;entretien physique, des rencontres canines et humaines et des pauses \u00e9ducatives encadr\u00e9es en duo.<\/span><\/p>\n<p style=\"text-align: justify;\"><span style=\"font-size: 14pt;\">Venez marcher en groupe avec votre compagnon canin pour lui apprendre \u00e0 mieux communiquer, tout en profitant de circuits pittoresques dans un esprit convivial.<\/span><\/p>\n<p><img decoding=\"async\" loading=\"lazy\" class=\"size-medium wp-image-172 aligncenter\" src=\"http:\/\/ccsaleauva.fr\/wp-content\/uploads\/2022\/08\/12-300x153.jpg\" alt=\"\" width=\"300\" height=\"153\" srcset=\"https:\/\/ccsaleauva.fr\/wp-content\/uploads\/2022\/08\/12-300x153.jpg 300w, https:\/\/ccsaleauva.fr\/wp-content\/uploads\/2022\/08\/12-1024x521.jpg 1024w, https:\/\/ccsaleauva.fr\/wp-content\/uploads\/2022\/08\/12-768x390.jpg 768w, https:\/\/ccsaleauva.fr\/wp-content\/uploads\/2022\/08\/12.jpg 1070w\" sizes=\"(max-width: 300px) 100vw, 300px\" \/><\/p>\n<h3><strong><span style=\"font-size: 8pt;\">.<\/span><\/strong><\/h3>\n<h3>Les multiples b\u00e9n\u00e9fices procur\u00e9s par la cani-balade \u00e9ducative<\/h3>\n<p style=\"text-align: justify;\"><span style=\"font-size: 14pt;\">La cani-balade est une activit\u00e9 collective \u00e0 prix abordable. La randonn\u00e9e est une activit\u00e9 physique tr\u00e8s ancienne et un sport accessible \u00e0 tous, avec <strong>des effets b\u00e9n\u00e9fiques non n\u00e9gligeables<\/strong> sur divers plans pour votre chien et vous.<\/span><\/p>\n<p><span style=\"font-size: 14pt;\">Marcher ensemble est un travail concret avec des objectifs et des b\u00e9n\u00e9fices<\/span> :<\/p>\n<table style=\"border-collapse: collapse; width: 100%; height: 1149px;\">\n<tbody>\n<tr style=\"height: 225px;\">\n<td style=\"width: 50%; height: 225px;\"><img decoding=\"async\" loading=\"lazy\" class=\"size-medium wp-image-169 aligncenter\" src=\"http:\/\/ccsaleauva.fr\/wp-content\/uploads\/2022\/08\/32191586_1070188969785933_6596905634480783360_n-300x225.jpg\" alt=\"\" width=\"300\" height=\"225\" srcset=\"https:\/\/ccsaleauva.fr\/wp-content\/uploads\/2022\/08\/32191586_1070188969785933_6596905634480783360_n-300x225.jpg 300w, https:\/\/ccsaleauva.fr\/wp-content\/uploads\/2022\/08\/32191586_1070188969785933_6596905634480783360_n.jpg 600w\" sizes=\"(max-width: 300px) 100vw, 300px\" \/><\/td>\n<td style=\"width: 50%; height: 225px; text-align: justify;\"><span style=\"font-size: 14pt;\"><strong>B\u00e9n\u00e9fices sant\u00e9 :<\/strong><\/span><br \/>\n<span style=\"font-size: 14pt;\">&#8211; Entretien en douceur des syst\u00e8mes respiratoire et cardiaque avec une activit\u00e9 simple et naturelle<\/span><br \/>\n<span style=\"font-size: 14pt;\">&#8211; Travail des principaux muscles et stimulation du corps sans chocs pour vous et votre <strong>chien<\/strong> (vous br\u00fblerez ensemble des graisses)<\/span><br \/>\n<span style=\"font-size: 14pt;\">&#8211; Renforcement de l&rsquo;\u00e9quilibre physique et \u00e9motionnel.<\/span><br \/>\n<span style=\"font-size: 14pt;\">&#8211; \u00c9limination du stress.<\/span><\/p>\n<p><span style=\"font-size: 8pt;\">.<\/span><\/td>\n<\/tr>\n<tr style=\"height: 304px;\">\n<td style=\"width: 50%; text-align: justify; height: 304px;\"><span style=\"font-size: 14pt;\"><strong>B\u00e9n\u00e9fice social :<\/strong><\/span><br \/>\n<span style=\"font-size: 14pt;\">&#8211; Rendre possible les rencontres canines pour des chiens qui n&rsquo;ont pas l&rsquo;opportunit\u00e9 de pouvoir rencontrer et converser r\u00e9guli\u00e8rement avec leurs cong\u00e9n\u00e8res<\/span><br \/>\n<span style=\"font-size: 14pt;\">&#8211; Am\u00e9lioration de la communication entre cong\u00e9n\u00e8res, en douceur et sans stress<\/span><br \/>\n<span style=\"font-size: 14pt;\">&#8211; Socialisation de votre compagnon canin avec d&rsquo;autres chiens connus ou inconnus (impact des \u00e9changes sociaux)<\/span><br \/>\n<span style=\"font-size: 14pt;\">&#8211; Cr\u00e9ation\/entretien de liens sociaux et partage d&rsquo;exp\u00e9riences canines entre <strong>passionn\u00e9s de chiens<\/strong> dans une ambiance de d\u00e9tente.<\/span><\/p>\n<p>.<\/td>\n<td style=\"width: 50%; height: 304px;\"><span style=\"font-size: 14pt;\"><img decoding=\"async\" loading=\"lazy\" class=\"alignnone size-medium wp-image-168 aligncenter\" src=\"http:\/\/ccsaleauva.fr\/wp-content\/uploads\/2022\/08\/2J4A4733-BIS-300x200.jpg\" alt=\"\" width=\"300\" height=\"200\" srcset=\"https:\/\/ccsaleauva.fr\/wp-content\/uploads\/2022\/08\/2J4A4733-BIS-300x200.jpg 300w, https:\/\/ccsaleauva.fr\/wp-content\/uploads\/2022\/08\/2J4A4733-BIS-1024x683.jpg 1024w, https:\/\/ccsaleauva.fr\/wp-content\/uploads\/2022\/08\/2J4A4733-BIS-768x512.jpg 768w, https:\/\/ccsaleauva.fr\/wp-content\/uploads\/2022\/08\/2J4A4733-BIS-1536x1024.jpg 1536w, https:\/\/ccsaleauva.fr\/wp-content\/uploads\/2022\/08\/2J4A4733-BIS-2048x1365.jpg 2048w\" sizes=\"(max-width: 300px) 100vw, 300px\" \/><\/span><\/td>\n<\/tr>\n<tr style=\"height: 206px;\">\n<td style=\"width: 50%; height: 206px;\"><img decoding=\"async\" loading=\"lazy\" class=\"size-full wp-image-171 aligncenter\" src=\"http:\/\/ccsaleauva.fr\/wp-content\/uploads\/2022\/08\/245842322_2139514256186727_1716017674490145443_n.jpg\" alt=\"\" width=\"206\" height=\"206\" srcset=\"https:\/\/ccsaleauva.fr\/wp-content\/uploads\/2022\/08\/245842322_2139514256186727_1716017674490145443_n.jpg 206w, https:\/\/ccsaleauva.fr\/wp-content\/uploads\/2022\/08\/245842322_2139514256186727_1716017674490145443_n-150x150.jpg 150w\" sizes=\"(max-width: 206px) 100vw, 206px\" \/><\/td>\n<td style=\"width: 50%; text-align: justify; height: 206px;\"><span style=\"font-size: 14pt;\"><strong>B\u00e9n\u00e9fice \u00e9ducatif :<\/strong><\/span><br \/>\n<span style=\"font-size: 14pt;\">&#8211; Un chien plus \u00e0 l&rsquo;\u00e9coute, qui apprend \u00e0 marcher calmement et sagement avec d&rsquo;autres chiens \u00e0 proximit\u00e9<\/span><br \/>\n<span style=\"font-size: 14pt;\">&#8211; Apprenez \u00e0 mieux interpr\u00e9ter les comportement de votre chien au contact de ses cong\u00e9n\u00e8res et \u00e0 mieux le comprendre.<\/span><\/p>\n<p>.<\/td>\n<\/tr>\n<tr style=\"height: 210px;\">\n<td style=\"width: 50%; text-align: justify; height: 210px;\"><span style=\"font-size: 14pt;\"><strong>B\u00e9n\u00e9fice familiarisation :<\/strong><\/span><br \/>\n<span style=\"font-size: 14pt;\">&#8211; \u00c9volution du chien dans un environnement inconnu et limitation de ses peurs<\/span><br \/>\n<span style=\"font-size: 14pt;\">&#8211; Familiarisation avec l&rsquo;ext\u00e9rieur, avec des personnes parfois inconnues, etc.<\/span><\/p>\n<p>.<\/td>\n<td style=\"width: 50%; text-align: center; height: 210px;\"><img decoding=\"async\" loading=\"lazy\" class=\"alignnone size-full wp-image-170\" src=\"http:\/\/ccsaleauva.fr\/wp-content\/uploads\/2022\/08\/154147173_1956807081124113_2993397966212597988_n.jpg\" alt=\"\" width=\"206\" height=\"206\" srcset=\"https:\/\/ccsaleauva.fr\/wp-content\/uploads\/2022\/08\/154147173_1956807081124113_2993397966212597988_n.jpg 206w, https:\/\/ccsaleauva.fr\/wp-content\/uploads\/2022\/08\/154147173_1956807081124113_2993397966212597988_n-150x150.jpg 150w\" sizes=\"(max-width: 206px) 100vw, 206px\" \/><\/td>\n<\/tr>\n<tr style=\"height: 204px;\">\n<td style=\"width: 50%; text-align: center; height: 204px;\"><strong> <img decoding=\"async\" loading=\"lazy\" class=\"alignnone size-medium wp-image-166\" src=\"http:\/\/ccsaleauva.fr\/wp-content\/uploads\/2022\/08\/2J4A4799-BIS-300x200.jpg\" alt=\"\" width=\"300\" height=\"200\" srcset=\"https:\/\/ccsaleauva.fr\/wp-content\/uploads\/2022\/08\/2J4A4799-BIS-300x200.jpg 300w, https:\/\/ccsaleauva.fr\/wp-content\/uploads\/2022\/08\/2J4A4799-BIS-1024x683.jpg 1024w, https:\/\/ccsaleauva.fr\/wp-content\/uploads\/2022\/08\/2J4A4799-BIS-768x512.jpg 768w, https:\/\/ccsaleauva.fr\/wp-content\/uploads\/2022\/08\/2J4A4799-BIS-1536x1024.jpg 1536w, https:\/\/ccsaleauva.fr\/wp-content\/uploads\/2022\/08\/2J4A4799-BIS-2048x1365.jpg 2048w\" sizes=\"(max-width: 300px) 100vw, 300px\" \/><\/strong><\/td>\n<td style=\"width: 50%; text-align: justify; height: 204px;\"><span style=\"font-size: 14pt;\"><strong>B\u00e9n\u00e9fice fun :<br \/>\n<\/strong>&#8211; Partage de bons moments avec votre fid\u00e8le compagnon et d&rsquo;autres propri\u00e9taires de chiens<\/span><br \/>\n<span style=\"font-size: 14pt;\">&#8211; D\u00e9couverte d&rsquo;une r\u00e9gion magnifique.<\/span><br \/>\n<span style=\"font-size: 14pt;\">&#8211; D\u00e9gustation d&rsquo;un bon repas dans un cadre typique (pour les cani-balade \u00e0 la journ\u00e9e)<\/span><\/p>\n<p>.<\/td>\n<\/tr>\n<\/tbody>\n<\/table>\n","protected":false},"excerpt":{"rendered":"<p>Vous aimez vous balader !&#8230; Votre chien va adorer vous accompagner avec les cani-balades ! . La cani-balade allie le plaisir d&rsquo;une randonn\u00e9e collective \u00e0 des b\u00e9n\u00e9fices certains, dans un esprit convivial. Appel\u00e9es aussi cani-marches \u00e9ducatives ou rando-\u00e9ducation, les cani-balades sont des randonn\u00e9es \u00e9ducatives collectives, pour socialiser et familiariser son jeune chien mais aussi r\u00e9\u00e9duquer&hellip;<\/p>\n","protected":false},"author":1,"featured_media":0,"parent":27,"menu_order":0,"comment_status":"closed","ping_status":"closed","template":"","meta":[],"_links":{"self":[{"href":"https:\/\/ccsaleauva.fr\/index.php?rest_route=\/wp\/v2\/pages\/35"}],"collection":[{"href":"https:\/\/ccsaleauva.fr\/index.php?rest_route=\/wp\/v2\/pages"}],"about":[{"href":"https:\/\/ccsaleauva.fr\/index.php?rest_route=\/wp\/v2\/types\/page"}],"author":[{"embeddable":true,"href":"https:\/\/ccsaleauva.fr\/index.php?rest_route=\/wp\/v2\/users\/1"}],"replies":[{"embeddable":true,"href":"https:\/\/ccsaleauva.fr\/index.php?rest_route=%2Fwp%2Fv2%2Fcomments&post=35"}],"version-history":[{"count":0,"href":"https:\/\/ccsaleauva.fr\/index.php?rest_route=\/wp\/v2\/pages\/35\/revisions"}],"up":[{"embeddable":true,"href":"https:\/\/ccsaleauva.fr\/index.php?rest_route=\/wp\/v2\/pages\/27"}],"wp:attachment":[{"href":"https:\/\/ccsaleauva.fr\/index.php?rest_route=%2Fwp%2Fv2%2Fmedia&parent=35"}],"curies":[{"name":"wp","href":"https:\/\/api.w.org\/{rel}","templated":true}]}}