{"id":571,"date":"2024-07-16T12:59:52","date_gmt":"2024-07-16T12:59:52","guid":{"rendered":"https:\/\/ccsaleauva.fr\/?page_id=571"},"modified":"2024-07-16T13:41:06","modified_gmt":"2024-07-16T13:41:06","slug":"les-concours-2","status":"publish","type":"page","link":"https:\/\/ccsaleauva.fr\/?page_id=571","title":{"rendered":"Les concours"},"content":{"rendered":"\n<p class=\"has-text-align-center\">Cliquez sur la page souhait\u00e9e<\/p>\n\n\n\n<p>.<\/p>\n\n\n\n<p><a href=\"https:\/\/ccsaleauva.fr\/?page_id=62\" target=\"_blank\" rel=\"noreferrer noopener\">Nos bin\u00f4mes<\/a><\/p>\n\n\n\n<p><a href=\"https:\/\/ccsaleauva.fr\/?cat=14\" target=\"_blank\" rel=\"noreferrer noopener\">Les r\u00e9sultats<\/a><\/p>\n","protected":false},"excerpt":{"rendered":"<p>Cliquez sur la page souhait\u00e9e . Nos bin\u00f4mes Les r\u00e9sultats<\/p>\n","protected":false},"author":1,"featured_media":0,"parent":0,"menu_order":0,"comment_status":"closed","ping_status":"closed","template":"","meta":[],"_links":{"self":[{"href":"https:\/\/ccsaleauva.fr\/index.php?rest_route=\/wp\/v2\/pages\/571"}],"collection":[{"href":"https:\/\/ccsaleauva.fr\/index.php?rest_route=\/wp\/v2\/pages"}],"about":[{"href":"https:\/\/ccsaleauva.fr\/index.php?rest_route=\/wp\/v2\/types\/page"}],"author":[{"embeddable":true,"href":"https:\/\/ccsaleauva.fr\/index.php?rest_route=\/wp\/v2\/users\/1"}],"replies":[{"embeddable":true,"href":"https:\/\/ccsaleauva.fr\/index.php?rest_route=%2Fwp%2Fv2%2Fcomments&post=571"}],"version-history":[{"count":2,"href":"https:\/\/ccsaleauva.fr\/index.php?rest_route=\/wp\/v2\/pages\/571\/revisions"}],"predecessor-version":[{"id":575,"href":"https:\/\/ccsaleauva.fr\/index.php?rest_route=\/wp\/v2\/pages\/571\/revisions\/575"}],"wp:attachment":[{"href":"https:\/\/ccsaleauva.fr\/index.php?rest_route=%2Fwp%2Fv2%2Fmedia&parent=571"}],"curies":[{"name":"wp","href":"https:\/\/api.w.org\/{rel}","templated":true}]}}