{"id":696,"date":"2024-10-12T09:22:13","date_gmt":"2024-10-12T09:22:13","guid":{"rendered":"https:\/\/ccsaleauva.fr\/?page_id=696"},"modified":"2026-05-11T08:37:47","modified_gmt":"2026-05-11T08:37:47","slug":"nos-binomes-competiteurs","status":"publish","type":"page","link":"https:\/\/ccsaleauva.fr\/?page_id=696","title":{"rendered":"Nos bin\u00f4mes \u00ab\u00a0comp\u00e9titeurs\u00a0\u00bb"},"content":{"rendered":"<p>\u00a0<\/p>\n<p>Nos bin\u00f4mes et leurs niveaux atteints dans chaque discipline :<\/p>\n<p>\u00a0<\/p>\n<table style=\"width: 100%; height: 3384px;\">\n<tbody>\n<tr style=\"height: 31px;\">\n<td style=\"width: 99.0476%; text-align: center; height: 31px;\" colspan=\"2\"><span style=\"font-size: 18pt; color: #0000ff;\"><strong>Sylvie et Moya<\/strong><\/span><\/td>\n<\/tr>\n<tr style=\"height: 300px;\">\n<td style=\"width: 41.9048%; height: 300px;\"><img decoding=\"async\" loading=\"lazy\" class=\"size-medium wp-image-461 aligncenter\" src=\"http:\/\/ccsaleauva.fr\/wp-content\/uploads\/2022\/12\/Moya-298x300.jpg\" alt=\"\" width=\"298\" height=\"300\" srcset=\"https:\/\/ccsaleauva.fr\/wp-content\/uploads\/2022\/12\/Moya-298x300.jpg 298w, https:\/\/ccsaleauva.fr\/wp-content\/uploads\/2022\/12\/Moya-150x150.jpg 150w, https:\/\/ccsaleauva.fr\/wp-content\/uploads\/2022\/12\/Moya-768x774.jpg 768w, https:\/\/ccsaleauva.fr\/wp-content\/uploads\/2022\/12\/Moya.jpg 1016w\" sizes=\"(max-width: 298px) 100vw, 298px\" \/><\/td>\n<td style=\"width: 57.1428%; height: 300px;\">\n<p style=\"text-align: center;\"><span style=\"font-size: 18pt;\"><strong>Moya , femelle hovawart<\/strong><\/span><\/p>\n<p style=\"text-align: center;\">CSAU (<span class=\"BxUVEf ILfuVd\" lang=\"fr\"><span class=\"hgKElc\">Certificat de Sociabilit\u00e9 et d&rsquo;Aptitude \u00e0 l&rsquo;Utilisation)<\/span><\/span><\/p>\n<p style=\"text-align: center;\"><span style=\"text-decoration: underline;\"><em>Sauvetage \u00e0 l&rsquo;eau (CUNSE)<\/em><\/span><br \/>1er degr\u00e9<br \/>2\u00e8me degr\u00e9<br \/>3\u00e8me degr\u00e9<\/p>\n<\/td>\n<\/tr>\n<tr style=\"height: 23px;\">\n<td style=\"width: 41.9048%; height: 23px;\">\u00a0<\/td>\n<td style=\"width: 57.1428%; height: 23px;\">\u00a0<\/td>\n<\/tr>\n<tr style=\"height: 31px;\">\n<td style=\"width: 99.0476%; text-align: center; height: 31px;\" colspan=\"2\"><span style=\"font-size: 18pt; color: #0000ff;\"><strong>Marilyne et Rune<\/strong><\/span><\/td>\n<\/tr>\n<tr style=\"height: 399px;\">\n<td style=\"width: 41.9048%; height: 399px;\"><img decoding=\"async\" loading=\"lazy\" class=\"alignnone wp-image-125\" src=\"http:\/\/ccsaleauva.fr\/wp-content\/uploads\/2022\/08\/WhatsApp-Image-2022-08-06-at-17.53.59-1-300x135.jpeg\" alt=\"\" width=\"411\" height=\"185\" srcset=\"https:\/\/ccsaleauva.fr\/wp-content\/uploads\/2022\/08\/WhatsApp-Image-2022-08-06-at-17.53.59-1-300x135.jpeg 300w, https:\/\/ccsaleauva.fr\/wp-content\/uploads\/2022\/08\/WhatsApp-Image-2022-08-06-at-17.53.59-1-1024x461.jpeg 1024w, https:\/\/ccsaleauva.fr\/wp-content\/uploads\/2022\/08\/WhatsApp-Image-2022-08-06-at-17.53.59-1-768x346.jpeg 768w, https:\/\/ccsaleauva.fr\/wp-content\/uploads\/2022\/08\/WhatsApp-Image-2022-08-06-at-17.53.59-1-1536x691.jpeg 1536w, https:\/\/ccsaleauva.fr\/wp-content\/uploads\/2022\/08\/WhatsApp-Image-2022-08-06-at-17.53.59-1.jpeg 1600w\" sizes=\"(max-width: 411px) 100vw, 411px\" \/><\/td>\n<td style=\"width: 57.1428%; text-align: center; height: 399px;\">\n<p><span style=\"font-size: 18pt;\"><strong>Rune, femelle hovawart<\/strong><\/span><\/p>\n<p>CSAU (<span class=\"BxUVEf ILfuVd\" lang=\"fr\"><span class=\"hgKElc\">Certificat de Sociabilit\u00e9 et d&rsquo;Aptitude \u00e0 l&rsquo;Utilisation)<\/span><\/span><\/p>\n<p><span style=\"text-decoration: underline;\"><em>Sauvetage \u00e0 l&rsquo;ea<\/em><em>u (CUNSE)<\/em><\/span><br \/>1er degr\u00e9<br \/>2\u00e8me degr\u00e9<\/p>\n<p><span style=\"text-decoration: underline;\"><em>Recherche Utilitaire<br \/><\/em><\/span>Brevet<br \/>Niveau 1<br \/>Niveau 2<\/p>\n<p><em><span style=\"text-decoration: underline;\"><span class=\"BxUVEf ILfuVd\" lang=\"fr\"><span class=\"hgKElc\">Sauvetage \u00e0 l&rsquo;eau (CSA)<\/span><\/span><br \/><\/span><\/em>Passeport<br \/>Interm\u00e9diaire<em><span style=\"text-decoration: underline;\"><br \/><\/span><\/em>Selectionn\u00e9 au grand troph\u00e9 2026 cat\u00e9gorie expert\u00a0<\/p>\n<\/td>\n<\/tr>\n<tr style=\"height: 23px;\">\n<td style=\"width: 99.0476%; text-align: center; height: 23px;\" colspan=\"2\"><strong>\u00a0<\/strong><\/td>\n<\/tr>\n<tr style=\"height: 23px;\">\n<td style=\"width: 99.0476%; text-align: center; height: 23px;\" colspan=\"2\"><span style=\"font-size: 18pt; color: #0000ff;\"><strong>Sabine et Reven<\/strong><\/span><\/td>\n<\/tr>\n<tr style=\"height: 181px;\">\n<td style=\"width: 41.9048%; height: 181px;\"><img decoding=\"async\" loading=\"lazy\" class=\"wp-image-126 aligncenter\" src=\"http:\/\/ccsaleauva.fr\/wp-content\/uploads\/2022\/08\/WhatsApp-Image-2022-07-28-at-13.07.00-1-300x135.jpeg\" alt=\"\" width=\"449\" height=\"202\" srcset=\"https:\/\/ccsaleauva.fr\/wp-content\/uploads\/2022\/08\/WhatsApp-Image-2022-07-28-at-13.07.00-1-300x135.jpeg 300w, https:\/\/ccsaleauva.fr\/wp-content\/uploads\/2022\/08\/WhatsApp-Image-2022-07-28-at-13.07.00-1-1024x461.jpeg 1024w, https:\/\/ccsaleauva.fr\/wp-content\/uploads\/2022\/08\/WhatsApp-Image-2022-07-28-at-13.07.00-1-768x346.jpeg 768w, https:\/\/ccsaleauva.fr\/wp-content\/uploads\/2022\/08\/WhatsApp-Image-2022-07-28-at-13.07.00-1.jpeg 1480w\" sizes=\"(max-width: 449px) 100vw, 449px\" \/><\/td>\n<td style=\"width: 57.1428%; text-align: center; height: 181px;\"><span style=\"font-size: 18pt;\"><strong><br \/>Reven, femelle l\u00e9onberg<\/strong><\/span>\n<p>\u00a0<\/p>\n<p>CSAU (<span class=\"BxUVEf ILfuVd\" lang=\"fr\"><span class=\"hgKElc\">Certificat de Sociabilit\u00e9 et d&rsquo;Aptitude \u00e0 l&rsquo;Utilisation)<\/span><\/span><\/p>\n<p><span style=\"text-decoration: underline;\"><em>Sauvetage \u00e0 l&rsquo;ea<\/em><em>u (CUNSE)<\/em><\/span><br \/>1er degr\u00e9<br \/>2\u00e8me degr\u00e9<\/p>\n<\/td>\n<\/tr>\n<tr style=\"height: 23px;\">\n<td style=\"width: 99.0476%; text-align: center; height: 23px;\" colspan=\"2\"><strong>\u00a0<\/strong><\/td>\n<\/tr>\n<tr style=\"height: 23px;\">\n<td style=\"width: 99.0476%; text-align: center; height: 23px;\" colspan=\"2\"><span style=\"font-size: 18pt; color: #0000ff;\"><strong>Jeff et Paika<\/strong><\/span><\/td>\n<\/tr>\n<tr style=\"height: 225px;\">\n<td style=\"width: 41.9048%; height: 225px;\"><img decoding=\"async\" loading=\"lazy\" class=\"size-medium wp-image-454 aligncenter\" src=\"http:\/\/ccsaleauva.fr\/wp-content\/uploads\/2022\/12\/Jeff-et-Payka-300x225.jpg\" alt=\"\" width=\"300\" height=\"225\" srcset=\"https:\/\/ccsaleauva.fr\/wp-content\/uploads\/2022\/12\/Jeff-et-Payka-300x225.jpg 300w, https:\/\/ccsaleauva.fr\/wp-content\/uploads\/2022\/12\/Jeff-et-Payka-1024x768.jpg 1024w, https:\/\/ccsaleauva.fr\/wp-content\/uploads\/2022\/12\/Jeff-et-Payka-768x576.jpg 768w, https:\/\/ccsaleauva.fr\/wp-content\/uploads\/2022\/12\/Jeff-et-Payka-1536x1152.jpg 1536w, https:\/\/ccsaleauva.fr\/wp-content\/uploads\/2022\/12\/Jeff-et-Payka-120x90.jpg 120w, https:\/\/ccsaleauva.fr\/wp-content\/uploads\/2022\/12\/Jeff-et-Payka.jpg 1600w\" sizes=\"(max-width: 300px) 100vw, 300px\" \/><\/td>\n<td style=\"width: 57.1428%; text-align: center; height: 225px;\">\n<p><span style=\"font-size: 18pt;\"><strong>Paika, femelle l\u00e9onberg<br \/><\/strong><\/span><br \/>CSAU (<span class=\"BxUVEf ILfuVd\" lang=\"fr\"><span class=\"hgKElc\">Certificat de Sociabilit\u00e9 et d&rsquo;Aptitude \u00e0 l&rsquo;Utilisation)<\/span><\/span><\/p>\n<p><span style=\"text-decoration: underline;\"><span class=\"BxUVEf ILfuVd\" lang=\"fr\"><span class=\"hgKElc\"><em>Sauvetage \u00e0 l&rsquo;eau (CSA)<br \/><\/em><\/span><\/span><\/span><span class=\"BxUVEf ILfuVd\" lang=\"fr\"><span class=\"hgKElc\">passeport<\/span><\/span><\/p>\n<p>\u00a0<\/p>\n<\/td>\n<\/tr>\n<tr style=\"height: 23px;\">\n<td style=\"width: 99.0476%; text-align: center; height: 23px;\" colspan=\"2\"><strong>\u00a0<\/strong><\/td>\n<\/tr>\n<tr style=\"height: 23px;\">\n<td style=\"width: 99.0476%; text-align: center; height: 23px;\" colspan=\"2\"><span style=\"font-size: 18pt; color: #0000ff;\"><strong>S\u00e9verine et Tessy<\/strong><\/span><\/td>\n<\/tr>\n<tr style=\"height: 257px;\">\n<td style=\"width: 41.9048%; height: 257px;\"><img decoding=\"async\" loading=\"lazy\" class=\"aligncenter wp-image-664 size-medium\" src=\"http:\/\/ccsaleauva.fr\/wp-content\/uploads\/2024\/10\/TESSY-300x200.jpg\" alt=\"\" width=\"300\" height=\"200\" srcset=\"https:\/\/ccsaleauva.fr\/wp-content\/uploads\/2024\/10\/TESSY-300x200.jpg 300w, https:\/\/ccsaleauva.fr\/wp-content\/uploads\/2024\/10\/TESSY-1024x682.jpg 1024w, https:\/\/ccsaleauva.fr\/wp-content\/uploads\/2024\/10\/TESSY-768x511.jpg 768w, https:\/\/ccsaleauva.fr\/wp-content\/uploads\/2024\/10\/TESSY.jpg 1080w\" sizes=\"(max-width: 300px) 100vw, 300px\" \/><\/td>\n<td style=\"width: 57.1428%; text-align: center; height: 257px;\">\n<p><span style=\"font-size: 18pt;\"><strong>Tessy, femelle hovawart<\/strong><\/span><\/p>\n<p>CSAU (<span class=\"BxUVEf ILfuVd\" lang=\"fr\"><span class=\"hgKElc\">Certificat de Sociabilit\u00e9 et d&rsquo;Aptitude \u00e0 l&rsquo;Utilisation)<\/span><\/span><\/p>\n<p><em><span style=\"text-decoration: underline;\">Sauvetage \u00e0 l&rsquo;eau (CUNSE)<\/span><br \/><\/em>1er degr\u00e9<br \/>2\u00e8me degr\u00e9<\/p>\n<p><em><span style=\"text-decoration: underline;\">Recherche Utilitaire<\/span><br \/><\/em>Brevet<br \/><br \/><\/p>\n<\/td>\n<\/tr>\n<tr style=\"height: 23px;\">\n<td style=\"width: 99.0476%; text-align: center; height: 23px;\" colspan=\"2\">\u00a0<\/td>\n<\/tr>\n<tr style=\"height: 23px;\">\n<td style=\"width: 99.0476%; text-align: center; height: 23px;\" colspan=\"2\"><strong><span style=\"font-size: 18pt; color: #0000ff;\">Sylvie et Usawa<\/span><br \/><\/strong><\/td>\n<\/tr>\n<tr style=\"height: 221px;\">\n<td style=\"width: 41.9048%; height: 221px;\"><img decoding=\"async\" loading=\"lazy\" class=\"alignnone size-medium wp-image-663 aligncenter\" src=\"http:\/\/ccsaleauva.fr\/wp-content\/uploads\/2024\/10\/USAWA-300x200.jpg\" alt=\"\" width=\"300\" height=\"200\" srcset=\"https:\/\/ccsaleauva.fr\/wp-content\/uploads\/2024\/10\/USAWA-300x200.jpg 300w, https:\/\/ccsaleauva.fr\/wp-content\/uploads\/2024\/10\/USAWA-1024x682.jpg 1024w, https:\/\/ccsaleauva.fr\/wp-content\/uploads\/2024\/10\/USAWA-768x511.jpg 768w, https:\/\/ccsaleauva.fr\/wp-content\/uploads\/2024\/10\/USAWA.jpg 1080w\" sizes=\"(max-width: 300px) 100vw, 300px\" \/><\/td>\n<td style=\"width: 57.1428%; text-align: center; height: 221px;\">\n<p><span style=\"font-size: 18pt;\"><strong>Usawa, m\u00e2le hovawart<\/strong><\/span><\/p>\n<p>CSAU (<span class=\"BxUVEf ILfuVd\" lang=\"fr\"><span class=\"hgKElc\">Certificat de Sociabilit\u00e9 et d&rsquo;Aptitude \u00e0 l&rsquo;Utilisation)<\/span><\/span><\/p>\n<p><span style=\"text-decoration: underline;\"><em>Sauvetage \u00e0 l&rsquo;eau (CUNSE)<\/em><\/span><br \/>1er degr\u00e9<br \/>2\u00e8me degr\u00e9<\/p>\n<p><em><span style=\"text-decoration: underline;\">Recherche Utilitaire<\/span><br \/><\/em>Brevet<\/p>\n<\/td>\n<\/tr>\n<tr style=\"height: 23px;\">\n<td style=\"width: 41.9048%; height: 23px;\">\u00a0<\/td>\n<td style=\"width: 57.1428%; text-align: center; height: 23px;\">\u00a0<\/td>\n<\/tr>\n<tr style=\"height: 23px;\">\n<td style=\"width: 99.0476%; text-align: center; height: 23px;\" colspan=\"2\"><span style=\"font-size: 18pt; color: #0000ff;\"><strong>Morgan et Roxy<\/strong><\/span><\/td>\n<\/tr>\n<tr style=\"height: 289px;\">\n<td style=\"width: 41.9048%; height: 289px;\"><img decoding=\"async\" loading=\"lazy\" class=\"alignnone size-medium wp-image-662 aligncenter\" src=\"http:\/\/ccsaleauva.fr\/wp-content\/uploads\/2024\/10\/ROXY-300x200.jpg\" alt=\"\" width=\"300\" height=\"200\" srcset=\"https:\/\/ccsaleauva.fr\/wp-content\/uploads\/2024\/10\/ROXY-300x200.jpg 300w, https:\/\/ccsaleauva.fr\/wp-content\/uploads\/2024\/10\/ROXY-1024x682.jpg 1024w, https:\/\/ccsaleauva.fr\/wp-content\/uploads\/2024\/10\/ROXY-768x511.jpg 768w, https:\/\/ccsaleauva.fr\/wp-content\/uploads\/2024\/10\/ROXY.jpg 1080w\" sizes=\"(max-width: 300px) 100vw, 300px\" \/><\/td>\n<td style=\"width: 57.1428%; text-align: center; height: 289px;\">\n<p><span style=\"font-size: 18pt;\"><strong>Roxy, femelle golden retriever<\/strong><\/span><\/p>\n<p>CSAU (<span class=\"BxUVEf ILfuVd\" lang=\"fr\"><span class=\"hgKElc\">Certificat de Sociabilit\u00e9 et d&rsquo;Aptitude \u00e0 l&rsquo;Utilisation)<\/span><\/span><\/p>\n<p><span style=\"text-decoration: underline;\"><em>Sauvetage \u00e0 l&rsquo;eau (CUNSE)<\/em><\/span><br \/>1er degr\u00e9<br \/>2\u00e8me degr\u00e9<\/p>\n<\/td>\n<\/tr>\n<tr style=\"height: 32px;\">\n<td style=\"width: 41.9048%; height: 10px;\">\u00a0<\/td>\n<td style=\"width: 57.1428%; text-align: center; height: 10px;\">\u00a0<\/td>\n<\/tr>\n<tr style=\"height: 31px;\">\n<td style=\"width: 41.9048%; text-align: center; height: 31px;\" colspan=\"2\"><span style=\"font-size: 18pt; color: #0000ff;\"><strong>Marilyne et Tiwaz<\/strong><\/span><\/td>\n<\/tr>\n<tr style=\"height: 212px;\">\n<td style=\"width: 41.9048%; text-align: center; height: 212px;\"><img decoding=\"async\" loading=\"lazy\" class=\"alignnone size-medium wp-image-907\" src=\"http:\/\/ccsaleauva.fr\/wp-content\/uploads\/2025\/10\/tiwaz-300x195.jpg\" alt=\"\" width=\"300\" height=\"195\" srcset=\"https:\/\/ccsaleauva.fr\/wp-content\/uploads\/2025\/10\/tiwaz-300x195.jpg 300w, https:\/\/ccsaleauva.fr\/wp-content\/uploads\/2025\/10\/tiwaz-1024x665.jpg 1024w, https:\/\/ccsaleauva.fr\/wp-content\/uploads\/2025\/10\/tiwaz-768x498.jpg 768w, https:\/\/ccsaleauva.fr\/wp-content\/uploads\/2025\/10\/tiwaz-1536x997.jpg 1536w, https:\/\/ccsaleauva.fr\/wp-content\/uploads\/2025\/10\/tiwaz.jpg 2048w\" sizes=\"(max-width: 300px) 100vw, 300px\" \/><\/td>\n<td style=\"width: 57.1428%; text-align: center; height: 212px;\">\n<p><span style=\"font-size: 18pt;\"><strong>Tiwaz, femelle berger australien<\/strong><\/span><\/p>\n<p>CSAU (<span class=\"BxUVEf ILfuVd\" lang=\"fr\"><span class=\"hgKElc\">Certificat de Sociabilit\u00e9 et d&rsquo;Aptitude \u00e0 l&rsquo;Utilisation)<br \/><\/span><\/span><\/p>\n<p><span class=\"BxUVEf ILfuVd\" lang=\"fr\"><span class=\"hgKElc\"><em><span style=\"text-decoration: underline;\">Sauvetage \u00e0 l&rsquo;eau (CSA)<\/span><br \/><\/em>Passeport<\/span><\/span><\/p>\n<p><em><span style=\"text-decoration: underline;\">Recherche Utilitaire<\/span><br \/><\/em>Brevet<\/p>\n<\/td>\n<\/tr>\n<tr style=\"height: 23px;\">\n<td style=\"width: 41.9048%; height: 23px;\">\u00a0<\/td>\n<td style=\"width: 57.1428%; text-align: center; height: 23px;\">\u00a0<\/td>\n<\/tr>\n<tr style=\"height: 31px;\">\n<td style=\"width: 41.9048%; text-align: center; height: 31px;\" colspan=\"2\"><span style=\"font-size: 18pt; color: #0000ff;\"><strong>Umberlee et Perrine<\/strong><\/span><\/td>\n<\/tr>\n<tr style=\"height: 264px;\">\n<td style=\"width: 41.9048%; height: 264px;\">\n<p><img decoding=\"async\" loading=\"lazy\" class=\"alignnone size-medium wp-image-891\" src=\"http:\/\/ccsaleauva.fr\/wp-content\/uploads\/2025\/10\/573321440_3401976916607115_2780815978909371469_n-300x169.jpg\" alt=\"\" width=\"300\" height=\"169\" srcset=\"https:\/\/ccsaleauva.fr\/wp-content\/uploads\/2025\/10\/573321440_3401976916607115_2780815978909371469_n-300x169.jpg 300w, https:\/\/ccsaleauva.fr\/wp-content\/uploads\/2025\/10\/573321440_3401976916607115_2780815978909371469_n-1024x576.jpg 1024w, https:\/\/ccsaleauva.fr\/wp-content\/uploads\/2025\/10\/573321440_3401976916607115_2780815978909371469_n-768x432.jpg 768w, https:\/\/ccsaleauva.fr\/wp-content\/uploads\/2025\/10\/573321440_3401976916607115_2780815978909371469_n-1536x864.jpg 1536w, https:\/\/ccsaleauva.fr\/wp-content\/uploads\/2025\/10\/573321440_3401976916607115_2780815978909371469_n-1140x641.jpg 1140w, https:\/\/ccsaleauva.fr\/wp-content\/uploads\/2025\/10\/573321440_3401976916607115_2780815978909371469_n.jpg 1600w\" sizes=\"(max-width: 300px) 100vw, 300px\" \/><\/p>\n<\/td>\n<td style=\"width: 57.1428%; text-align: center; height: 264px;\"><span style=\"font-size: 18pt;\"><strong>Umberlee, femelle l\u00e9onberg<\/strong><\/span>\n<p>\u00a0<\/p>\n<p>CSAU (<span class=\"BxUVEf ILfuVd\" lang=\"fr\"><span class=\"hgKElc\">Certificat de Sociabilit\u00e9 et d&rsquo;Aptitude \u00e0 l&rsquo;Utilisation)<\/span><\/span><\/p>\n<p><span style=\"text-decoration: underline;\"><em>Sauvetage \u00e0 l&rsquo;ea<\/em><em>u (CUNSE)<\/em><\/span><br \/>1er degr\u00e9<\/p>\n<\/td>\n<\/tr>\n<tr style=\"height: 23px;\">\n<td style=\"width: 41.9048%; height: 23px;\">\u00a0<\/td>\n<td style=\"width: 57.1428%; text-align: center; height: 23px;\">\u00a0<\/td>\n<\/tr>\n<tr style=\"height: 31px;\">\n<td style=\"text-align: center; height: 31px;\" colspan=\"2\">\u00a0<\/td>\n<\/tr>\n<tr style=\"height: 242px;\">\n<td style=\"width: 41.9048%; height: 242px;\">\u00a0<\/td>\n<td style=\"width: 57.1428%; text-align: center; height: 242px;\">\u00a0<\/td>\n<\/tr>\n<tr style=\"height: 36px;\">\n<td style=\"width: 41.9048%; height: 23px;\">\u00a0<\/td>\n<td style=\"width: 57.1428%; text-align: center; height: 23px;\">\u00a0<\/td>\n<\/tr>\n<tr style=\"height: 23px;\">\n<td style=\"width: 99.0476%; height: 23px; text-align: center;\" colspan=\"2\">\u00a0<\/td>\n<\/tr>\n<tr style=\"height: 284px;\">\n<td style=\"width: 41.9048%; height: 284px;\">\u00a0<\/td>\n<td style=\"width: 57.1428%; height: 284px;\">\u00a0<\/td>\n<\/tr>\n<\/tbody>\n<\/table>\n<p>\u00a0<\/p>\n\n\n<p><\/p>\n","protected":false},"excerpt":{"rendered":"<p>\u00a0 Nos bin\u00f4mes et leurs niveaux atteints dans chaque discipline : \u00a0 Sylvie et Moya Moya , femelle hovawart CSAU (Certificat de Sociabilit\u00e9 et d&rsquo;Aptitude \u00e0 l&rsquo;Utilisation) Sauvetage \u00e0 l&rsquo;eau (CUNSE)1er degr\u00e92\u00e8me degr\u00e93\u00e8me degr\u00e9 \u00a0 \u00a0 Marilyne et Rune Rune, femelle hovawart CSAU (Certificat de Sociabilit\u00e9 et d&rsquo;Aptitude \u00e0 l&rsquo;Utilisation) Sauvetage \u00e0 l&rsquo;eau (CUNSE)1er degr\u00e92\u00e8me&hellip;<\/p>\n","protected":false},"author":1,"featured_media":0,"parent":62,"menu_order":0,"comment_status":"closed","ping_status":"closed","template":"","meta":[],"_links":{"self":[{"href":"https:\/\/ccsaleauva.fr\/index.php?rest_route=\/wp\/v2\/pages\/696"}],"collection":[{"href":"https:\/\/ccsaleauva.fr\/index.php?rest_route=\/wp\/v2\/pages"}],"about":[{"href":"https:\/\/ccsaleauva.fr\/index.php?rest_route=\/wp\/v2\/types\/page"}],"author":[{"embeddable":true,"href":"https:\/\/ccsaleauva.fr\/index.php?rest_route=\/wp\/v2\/users\/1"}],"replies":[{"embeddable":true,"href":"https:\/\/ccsaleauva.fr\/index.php?rest_route=%2Fwp%2Fv2%2Fcomments&post=696"}],"version-history":[{"count":23,"href":"https:\/\/ccsaleauva.fr\/index.php?rest_route=\/wp\/v2\/pages\/696\/revisions"}],"predecessor-version":[{"id":998,"href":"https:\/\/ccsaleauva.fr\/index.php?rest_route=\/wp\/v2\/pages\/696\/revisions\/998"}],"up":[{"embeddable":true,"href":"https:\/\/ccsaleauva.fr\/index.php?rest_route=\/wp\/v2\/pages\/62"}],"wp:attachment":[{"href":"https:\/\/ccsaleauva.fr\/index.php?rest_route=%2Fwp%2Fv2%2Fmedia&parent=696"}],"curies":[{"name":"wp","href":"https:\/\/api.w.org\/{rel}","templated":true}]}}