{"id":76,"date":"2022-08-30T15:12:08","date_gmt":"2022-08-30T13:12:08","guid":{"rendered":"http:\/\/ccs.aleauva.free.fr\/?page_id=76"},"modified":"2025-07-05T14:34:27","modified_gmt":"2025-07-05T14:34:27","slug":"espace-adherent","status":"publish","type":"page","link":"https:\/\/ccsaleauva.fr\/?page_id=76","title":{"rendered":"Conditions d&rsquo;inscription"},"content":{"rendered":"<p><span style=\"font-size: 8pt;\">.<\/span><\/p>\n<p style=\"text-align: justify;\"><span style=\"text-decoration: underline; font-size: 18pt;\"><strong>Conditions d&rsquo;inscription<\/strong><\/span><\/p>\n<p style=\"text-align: justify;\"><span style=\"font-size: 14pt;\">Le chien doit \u00eatre identifi\u00e9 (tatouage ou puce \u00e9lectronique) et vaccin\u00e9 : vaccins l\u00e9galement obligatoires. Le vaccin de la rage et la toux de chenil est fortement conseill\u00e9 du fait du nombre de chiens lors des cours.<\/span><br \/>\n<span style=\"font-size: 14pt;\">Le ma\u00eetre doit \u00eatre assur\u00e9 (en g\u00e9n\u00e9ral l\u2019assurance responsabilit\u00e9 civile suffit, sauf cas particulier, se renseigner aupr\u00e8s de l\u2019assureur).<\/span><\/p>\n<p>.<\/p>\n<p><strong><span style=\"font-size: 14pt;\">Documents<\/span> <span style=\"font-size: 14pt;\">\u00e0 fournir lors de l\u2019inscription :<\/span><\/strong><br \/>\n<span style=\"font-size: 14pt;\">\u2013 Attestation de l\u2019assurance couvrant le chien (Votre Responsabilit\u00e9 civile par ex.)<\/span><br \/>\n<span style=\"font-size: 14pt;\">\u2013 Certificat m\u00e9dical de non-contre-indication aux activit\u00e9s de la natation pour le conducteur<\/span><br \/>\n<span style=\"font-size: 14pt;\">\u2013 Attestation sur l\u2019honneur de la ma\u00eetrise de la natation pour le conducteur<\/span><br \/>\n<span style=\"font-size: 14pt;\">\u2013 Photocopie de l&rsquo;ICAD<\/span><br \/>\n<span style=\"font-size: 14pt;\">\u2013 Attestation sur l\u2019honneur de la tenue \u00e0 jour des vaccins du chien ou photocopie du carnet de vaccination<\/span><br \/>\n<span style=\"font-size: 14pt;\">\u2013 Autorisation du propri\u00e9taire du ou des chien(s) de l\u2019adh\u00e9sion du conducteur<\/span><br \/>\n<span style=\"font-size: 14pt;\">\u2013 R\u00e8glement du droit d\u2019entr\u00e9e et de la cotisation de l\u2019ann\u00e9e en cours<\/span><\/p>\n<p>.<\/p>\n<p><span style=\"font-size: 14pt;\"><strong>Documents pour les mineurs de plus de 12 ans :<\/strong><\/span><br \/>\n<span style=\"font-size: 14pt;\">\u2013 Autorisation parentale sign\u00e9e des deux parents<\/span><br \/>\n<span style=\"font-size: 14pt;\">\u2013 Certificat m\u00e9dical de non-contre-indication aux activit\u00e9s de la natation<\/span><br \/>\n<span style=\"font-size: 14pt;\">\u2013 Brevet de natation de 50 m<\/span><\/p>\n<p style=\"text-align: justify;\"><span style=\"font-size: 14pt;\">Il est conseill\u00e9 de munir le chien d\u2019un collier plat bien adapt\u00e9, et d\u2019une laisse souple, pas trop courte, et confortable pour le ma\u00eetre (<span style=\"text-decoration: underline;\">les colliers cha\u00eenettes sont interdits<\/span>).<\/span><\/p>\n<p style=\"text-align: justify;\">\n<span style=\"font-size: 14pt;\">Vous pouvez apporter \u00e9galement le jouet du chien et\/ou des \u00ab friandises \u00bb qu\u2019il appr\u00e9cie beaucoup (foie ou c\u0153ur de poulet\/de b\u0153uf, poumon s\u00e9ch\u00e9, &#8230; Enfin, il vaut mieux arriver un peu avant l\u2019horaire du cours, pour laisser au chien le temps de faire ses besoins (pensez a prendre un sac plastique) et de se d\u00e9fouler en jouant un peu avant de commencer \u00e0 travailler.<\/span><\/p>\n","protected":false},"excerpt":{"rendered":"<p>. Conditions d&rsquo;inscription Le chien doit \u00eatre identifi\u00e9 (tatouage ou puce \u00e9lectronique) et vaccin\u00e9 : vaccins l\u00e9galement obligatoires. Le vaccin de la rage et la toux de chenil est fortement conseill\u00e9 du fait du nombre de chiens lors des cours. Le ma\u00eetre doit \u00eatre assur\u00e9 (en g\u00e9n\u00e9ral l\u2019assurance responsabilit\u00e9 civile suffit, sauf cas particulier, se&hellip;<\/p>\n","protected":false},"author":1,"featured_media":0,"parent":245,"menu_order":0,"comment_status":"closed","ping_status":"closed","template":"","meta":[],"_links":{"self":[{"href":"https:\/\/ccsaleauva.fr\/index.php?rest_route=\/wp\/v2\/pages\/76"}],"collection":[{"href":"https:\/\/ccsaleauva.fr\/index.php?rest_route=\/wp\/v2\/pages"}],"about":[{"href":"https:\/\/ccsaleauva.fr\/index.php?rest_route=\/wp\/v2\/types\/page"}],"author":[{"embeddable":true,"href":"https:\/\/ccsaleauva.fr\/index.php?rest_route=\/wp\/v2\/users\/1"}],"replies":[{"embeddable":true,"href":"https:\/\/ccsaleauva.fr\/index.php?rest_route=%2Fwp%2Fv2%2Fcomments&post=76"}],"version-history":[{"count":2,"href":"https:\/\/ccsaleauva.fr\/index.php?rest_route=\/wp\/v2\/pages\/76\/revisions"}],"predecessor-version":[{"id":781,"href":"https:\/\/ccsaleauva.fr\/index.php?rest_route=\/wp\/v2\/pages\/76\/revisions\/781"}],"up":[{"embeddable":true,"href":"https:\/\/ccsaleauva.fr\/index.php?rest_route=\/wp\/v2\/pages\/245"}],"wp:attachment":[{"href":"https:\/\/ccsaleauva.fr\/index.php?rest_route=%2Fwp%2Fv2%2Fmedia&parent=76"}],"curies":[{"name":"wp","href":"https:\/\/api.w.org\/{rel}","templated":true}]}}