{"id":764,"date":"2025-07-05T14:23:24","date_gmt":"2025-07-05T14:23:24","guid":{"rendered":"https:\/\/ccsaleauva.fr\/?page_id=764"},"modified":"2026-05-11T08:46:06","modified_gmt":"2026-05-11T08:46:06","slug":"764-2","status":"publish","type":"page","link":"https:\/\/ccsaleauva.fr\/?page_id=764","title":{"rendered":"Hommage &#8230;"},"content":{"rendered":"<p style=\"text-align: center;\"><span style=\"color: #0000ff;\"><strong><span style=\"font-size: 24pt;\"> \u00e0 nos amis partis trop t\u00f4t&#8230;<\/span> <\/strong><\/span><\/p>\n<table style=\"width: 100%;\">\n<tbody>\n<tr>\n<td style=\"width: 49.4048%;\"><img decoding=\"async\" loading=\"lazy\" class=\" wp-image-957 aligncenter\" src=\"http:\/\/ccsaleauva.fr\/wp-content\/uploads\/2026\/03\/Even-300x203.jpg\" alt=\"\" width=\"393\" height=\"266\" srcset=\"https:\/\/ccsaleauva.fr\/wp-content\/uploads\/2026\/03\/Even-300x203.jpg 300w, https:\/\/ccsaleauva.fr\/wp-content\/uploads\/2026\/03\/Even.jpg 535w\" sizes=\"(max-width: 393px) 100vw, 393px\" \/><\/td>\n<td style=\"width: 49.6429%;\">\n<p style=\"text-align: center;\"><span style=\"font-size: 18pt;\"><strong>Even, femelle hovawart<\/strong><\/span><\/p>\n<p style=\"text-align: center;\"><strong>16\/12\/2009-11\/02\/2026<br \/>\n<\/strong>Conductrice Sylvie<strong><br \/>\n<\/strong><\/p>\n<p style=\"text-align: center;\"><em>Agility<\/em><br \/>\nChampionne de France<\/p>\n<p style=\"text-align: center;\">\n<p style=\"text-align: center;\"><span style=\"font-size: 18pt;\"><strong>\u00a0<\/strong><\/span><\/p>\n<\/td>\n<\/tr>\n<tr>\n<td style=\"width: 49.4048%;\"><img decoding=\"async\" loading=\"lazy\" class=\"alignnone  wp-image-130\" src=\"http:\/\/ccsaleauva.fr\/wp-content\/uploads\/2022\/08\/WhatsApp-Image-2022-08-30-at-17.30.30-300x169.jpeg\" alt=\"\" width=\"396\" height=\"223\" srcset=\"https:\/\/ccsaleauva.fr\/wp-content\/uploads\/2022\/08\/WhatsApp-Image-2022-08-30-at-17.30.30-300x169.jpeg 300w, https:\/\/ccsaleauva.fr\/wp-content\/uploads\/2022\/08\/WhatsApp-Image-2022-08-30-at-17.30.30-1024x576.jpeg 1024w, https:\/\/ccsaleauva.fr\/wp-content\/uploads\/2022\/08\/WhatsApp-Image-2022-08-30-at-17.30.30-768x432.jpeg 768w, https:\/\/ccsaleauva.fr\/wp-content\/uploads\/2022\/08\/WhatsApp-Image-2022-08-30-at-17.30.30-1536x864.jpeg 1536w, https:\/\/ccsaleauva.fr\/wp-content\/uploads\/2022\/08\/WhatsApp-Image-2022-08-30-at-17.30.30.jpeg 1599w\" sizes=\"(max-width: 396px) 100vw, 396px\" \/><\/td>\n<td style=\"width: 49.6429%;\">\n<p style=\"text-align: center;\"><span style=\"font-size: 18pt;\"><strong>Hizia, femelle hovawart<\/strong><\/span><\/p>\n<p style=\"text-align: center;\"><strong>27\/03\/2012-10\/02\/2024<br \/>\n<\/strong>Conductrice S\u00e9verine<strong><br \/>\n<\/strong><\/p>\n<p style=\"text-align: center;\"><span style=\"text-decoration: underline;\"><em>Ob\u00e9diance<\/em><\/span><br \/>\nBrevet<\/p>\n<p style=\"text-align: center;\"><span style=\"text-decoration: underline;\"><em>Pistage Fran\u00e7ais<\/em><\/span><br \/>\nBrevet<br \/>\nNiveau 1<\/p>\n<p style=\"text-align: center;\"><span style=\"text-decoration: underline;\"><em>Sauvetage \u00e0 l&rsquo;eau<\/em><\/span><br \/>\n1er degr\u00e9<\/p>\n<p style=\"text-align: center;\"><span style=\"text-decoration: underline;\"><em>Sauvetage sp\u00e9cialit\u00e9 pistage<\/em><\/span><br \/>\nBrevet<br \/>\nTest de qualification<br \/>\n\u00c9chelon A<\/p>\n<\/td>\n<\/tr>\n<\/tbody>\n<\/table>\n","protected":false},"excerpt":{"rendered":"<p>\u00e0 nos amis partis trop t\u00f4t&#8230; Even, femelle hovawart 16\/12\/2009-11\/02\/2026 Conductrice Sylvie Agility Championne de France \u00a0 Hizia, femelle hovawart 27\/03\/2012-10\/02\/2024 Conductrice S\u00e9verine Ob\u00e9diance Brevet Pistage Fran\u00e7ais Brevet Niveau 1 Sauvetage \u00e0 l&rsquo;eau 1er degr\u00e9 Sauvetage sp\u00e9cialit\u00e9 pistage Brevet Test de qualification \u00c9chelon A<\/p>\n","protected":false},"author":1,"featured_media":0,"parent":0,"menu_order":0,"comment_status":"closed","ping_status":"closed","template":"","meta":[],"_links":{"self":[{"href":"https:\/\/ccsaleauva.fr\/index.php?rest_route=\/wp\/v2\/pages\/764"}],"collection":[{"href":"https:\/\/ccsaleauva.fr\/index.php?rest_route=\/wp\/v2\/pages"}],"about":[{"href":"https:\/\/ccsaleauva.fr\/index.php?rest_route=\/wp\/v2\/types\/page"}],"author":[{"embeddable":true,"href":"https:\/\/ccsaleauva.fr\/index.php?rest_route=\/wp\/v2\/users\/1"}],"replies":[{"embeddable":true,"href":"https:\/\/ccsaleauva.fr\/index.php?rest_route=%2Fwp%2Fv2%2Fcomments&post=764"}],"version-history":[{"count":4,"href":"https:\/\/ccsaleauva.fr\/index.php?rest_route=\/wp\/v2\/pages\/764\/revisions"}],"predecessor-version":[{"id":960,"href":"https:\/\/ccsaleauva.fr\/index.php?rest_route=\/wp\/v2\/pages\/764\/revisions\/960"}],"wp:attachment":[{"href":"https:\/\/ccsaleauva.fr\/index.php?rest_route=%2Fwp%2Fv2%2Fmedia&parent=764"}],"curies":[{"name":"wp","href":"https:\/\/api.w.org\/{rel}","templated":true}]}}